{"id":86,"date":"2025-06-05T20:19:26","date_gmt":"2025-06-05T20:19:26","guid":{"rendered":"https:\/\/aibambus.com\/contato\/"},"modified":"2025-10-12T20:45:47","modified_gmt":"2025-10-12T20:45:47","slug":"contato","status":"publish","type":"page","link":"https:\/\/aibambus.com\/pt-br\/contato\/","title":{"rendered":"Contato"},"content":{"rendered":"\n<section class=\"wp-block-group alignfull gd-section-wrapper has-global-padding is-layout-constrained wp-block-group-is-layout-constrained\">\n<div class=\"wp-block-cover alignfull\"><img decoding=\"async\" class=\"wp-block-cover__image-background\" alt=\"\" src=\"https:\/\/aibambus.com\/wp-content\/uploads\/2025\/06\/1457298290.jpg\" data-object-fit=\"cover\"\/><span aria-hidden=\"true\" class=\"wp-block-cover__background has-vivid-green-cyan-background-color has-background-dim\"><\/span><div class=\"wp-block-cover__inner-container is-layout-flow wp-block-cover-is-layout-flow\">\n<h1 class=\"wp-block-heading has-text-align-right\">Entre em contato conosco<\/h1>\n\n\n\n<p class=\"has-text-align-right\">Estamos aqui para ajud\u00e1-lo a aproveitar o poder da IA. Entre em contato conosco para discutir as necessidades do seu projeto e saber mais sobre nossos servi\u00e7os. <\/p>\n\n\n\n<div class=\"wp-block-buttons is-content-justification-right is-layout-flex wp-container-core-buttons-is-layout-d445cf74 wp-block-buttons-is-layout-flex\">\n<div class=\"wp-block-button is-style-fill\"><a class=\"wp-block-button__link wp-element-button\" href=\"mailto:\">Envie-nos um e-mail<\/a><\/div>\n<\/div>\n<\/div><\/div>\n<\/section>\n\n<section class=\"wp-block-group alignwide gd-section-wrapper has-global-padding is-layout-constrained wp-block-group-is-layout-constrained\">\n<div class=\"wp-block-group alignwide is-layout-flow wp-block-group-is-layout-flow\">\n<h2 class=\"wp-block-heading has-text-align-left\">Formul\u00e1rio de contato<\/h2>\n\n\n\n<div style=\"height:50px\" aria-hidden=\"true\" class=\"wp-block-spacer\"><\/div>\n\n\n\n<div class=\"wp-block-columns is-layout-flex wp-container-core-columns-is-layout-28f84493 wp-block-columns-is-layout-flex\">\n<div class=\"wp-block-column is-vertically-aligned-top is-layout-flow wp-block-column-is-layout-flow\" style=\"flex-basis:33.33%\"><div class=\"wp-block-coblocks-icon has-text-align-right\">\n\t\t\t\t<div class=\"wp-block-coblocks-icon__inner\" style=\"height: 60px; width: 60px;\">\n\t\t\t\t\t<svg fill=\"none\" viewBox=\"0 0 20 20\" xmlns=\"http:\/\/www.w3.org\/2000\/svg\"><path d=\"m10 0c-3.921743 0-7.11427301 3.19253001-7.11427301 7.11427301 0 4.95331259 6.18941752 11.86305029 6.45620276 12.15651399l.65807025.729213.6580703-.729213c.2667852-.2934637 6.4562027-7.2032014 6.4562027-12.15651399 0-3.921743-3.19253-7.11427301-7.114273-7.11427301zm0 17.3143619c-1.9386394-2.3210315-5.33570476-7.0520231-5.33570476-10.20008889 0-2.94353046 2.3921743-5.33570476 5.33570476-5.33570476 2.9435305 0 5.3357048 2.3921743 5.3357048 5.33570476 0 3.40595819-3.7794576 8.32369939-5.3357048 10.20008889zm-1.36060471-8.27034234-1.56514007-1.5740329-1.26278345 1.26278346 2.82792352 2.82792348 5.34459761-5.34459756-1.2538906-1.26278346z\" fill=\"currentColor\" \/><\/svg>\n\t\t\t\t<\/div>\n\t\t\t<\/div>\n\n\n<p><\/p>\n\n\n\n<div style=\"height:1rem\" aria-hidden=\"true\" class=\"wp-block-spacer\"><\/div>\n\n\n<div class=\"wp-block-coblocks-icon has-text-align-right\">\n\t\t\t\t<div class=\"wp-block-coblocks-icon__inner\" style=\"height: 60px; width: 60px;\">\n\t\t\t\t\t<svg fill=\"none\" viewBox=\"0 0 24 24\" xmlns=\"http:\/\/www.w3.org\/2000\/svg\"><path d=\"m12 4c-4.416 0-8 3.584-8 8s3.584 8 8 8h4v-1.6h-4c-3.472 0-6.4-2.928-6.4-6.4s2.928-6.4 6.4-6.4 6.4 2.928 6.4 6.4v1.144c0 .632-.568 1.256-1.2 1.256s-1.2-.624-1.2-1.256v-1.144c0-2.208-1.792-4-4-4s-4 1.792-4 4 1.792 4 4 4c1.104 0 2.112-.448 2.832-1.176.52.712 1.416 1.176 2.368 1.176 1.576 0 2.8-1.28 2.8-2.856v-1.144c0-4.416-3.584-8-8-8zm0 10.4c-1.328 0-2.4-1.072-2.4-2.4s1.072-2.4 2.4-2.4 2.4 1.072 2.4 2.4-1.072 2.4-2.4 2.4z\" fill=\"currentColor\"\/><\/svg>\n\n\t\t\t\t<\/div>\n\t\t\t<\/div>\n\n\n<p><\/p>\n\n\n\n<div style=\"height:1rem\" aria-hidden=\"true\" class=\"wp-block-spacer\"><\/div>\n<\/div>\n\n\n\n<div class=\"wp-block-column is-vertically-aligned-center is-layout-flow wp-block-column-is-layout-flow\" style=\"flex-basis:66.66%\">\n<div class=\"wpcf7 no-js\" id=\"wpcf7-f309-o1\" lang=\"en-US\" dir=\"ltr\" data-wpcf7-id=\"309\">\n<div class=\"screen-reader-response\"><p role=\"status\" aria-live=\"polite\" aria-atomic=\"true\"><\/p> <ul><\/ul><\/div>\n<form action=\"\/pt-br\/wp-json\/wp\/v2\/pages\/86#wpcf7-f309-o1\" method=\"post\" class=\"wpcf7-form init\" aria-label=\"Contact form\" novalidate=\"novalidate\" data-status=\"init\">\n<fieldset class=\"hidden-fields-container\"><input type=\"hidden\" name=\"_wpcf7\" value=\"309\" \/><input type=\"hidden\" name=\"_wpcf7_version\" value=\"6.1.5\" \/><input type=\"hidden\" name=\"_wpcf7_locale\" value=\"en_US\" \/><input type=\"hidden\" name=\"_wpcf7_unit_tag\" value=\"wpcf7-f309-o1\" \/><input type=\"hidden\" name=\"_wpcf7_container_post\" value=\"0\" \/><input type=\"hidden\" name=\"_wpcf7_posted_data_hash\" value=\"\" \/>\n<\/fieldset>\n<p><label> Your name<br \/>\n<span class=\"wpcf7-form-control-wrap\" data-name=\"your-name\"><input size=\"40\" maxlength=\"400\" class=\"wpcf7-form-control wpcf7-text wpcf7-validates-as-required\" autocomplete=\"name\" aria-required=\"true\" aria-invalid=\"false\" value=\"\" type=\"text\" name=\"your-name\" \/><\/span> <\/label>\n<\/p>\n<p><label> Your email<br \/>\n<span class=\"wpcf7-form-control-wrap\" data-name=\"your-email\"><input size=\"40\" maxlength=\"400\" class=\"wpcf7-form-control wpcf7-email wpcf7-validates-as-required wpcf7-text wpcf7-validates-as-email\" autocomplete=\"email\" aria-required=\"true\" aria-invalid=\"false\" value=\"\" type=\"email\" name=\"your-email\" \/><\/span> <\/label>\n<\/p>\n<p><label> Subject<br \/>\n<span class=\"wpcf7-form-control-wrap\" data-name=\"your-subject\"><input size=\"40\" maxlength=\"400\" class=\"wpcf7-form-control wpcf7-text wpcf7-validates-as-required\" aria-required=\"true\" aria-invalid=\"false\" value=\"\" type=\"text\" name=\"your-subject\" \/><\/span> <\/label>\n<\/p>\n<p><label> Your message (optional)<br \/>\n<span class=\"wpcf7-form-control-wrap\" data-name=\"your-message\"><textarea cols=\"40\" rows=\"10\" maxlength=\"2000\" class=\"wpcf7-form-control wpcf7-textarea\" aria-invalid=\"false\" name=\"your-message\"><\/textarea><\/span> <\/label>\n<\/p>\n<p><input class=\"wpcf7-form-control wpcf7-submit has-spinner\" type=\"submit\" value=\"Submit\" \/>\n<\/p><p style=\"display: none !important;\" class=\"akismet-fields-container\" data-prefix=\"_wpcf7_ak_\"><label>&#916;<textarea name=\"_wpcf7_ak_hp_textarea\" cols=\"45\" rows=\"8\" maxlength=\"100\"><\/textarea><\/label><input type=\"hidden\" id=\"ak_js_1\" name=\"_wpcf7_ak_js\" value=\"63\"\/><script>\ndocument.getElementById( \"ak_js_1\" ).setAttribute( \"value\", ( new Date() ).getTime() );\n<\/script>\n<\/p><div class=\"wpcf7-response-output\" aria-hidden=\"true\"><\/div>\n<\/form>\n<\/div>\n\n<\/div>\n<\/div>\n<\/div>\n<\/section>\n\n<section class=\"wp-block-group alignfull gd-section-wrapper has-global-padding is-layout-constrained wp-block-group-is-layout-constrained\">\n<div class=\"wp-block-group alignwide is-layout-flow wp-block-group-is-layout-flow\">\n<div style=\"height:3rem\" aria-hidden=\"true\" class=\"wp-block-spacer\"><\/div>\n<\/div>\n<\/section>\n\n<section class=\"wp-block-group alignfull gd-section-wrapper has-global-padding is-layout-constrained wp-block-group-is-layout-constrained\">\n<div class=\"wp-block-group alignwide is-layout-flow wp-block-group-is-layout-flow\">\n<h2 class=\"wp-block-heading has-text-align-center\">Perguntas frequentes<\/h2>\n\n\n\n<p><strong>P: Quais servi\u00e7os a AIBAMBUS oferece?<\/strong> R: Oferecemos servi\u00e7os de consultoria, implementa\u00e7\u00e3o e suporte em IA adaptados \u00e0s suas necessidades.<\/p>\n\n\n\n<div style=\"height:3rem\" aria-hidden=\"true\" class=\"wp-block-spacer\"><\/div>\n\n\n\n<p><strong>P: Como posso entrar em contato com a AIBAMBUS?<\/strong> R: Voc\u00ea pode nos contatar atrav\u00e9s do nosso formul\u00e1rio de contato ou por email.<\/p>\n\n\n\n<div style=\"height:3rem\" aria-hidden=\"true\" class=\"wp-block-spacer\"><\/div>\n\n\n\n<p><strong>P: Voc\u00eas fornecem solu\u00e7\u00f5es de IA personalizadas?<\/strong> R: Sim, nos especializamos em criar solu\u00e7\u00f5es de IA personalizadas para empresas de todos os tamanhos.<\/p>\n\n\n\n<div style=\"height:3rem\" aria-hidden=\"true\" class=\"wp-block-spacer\"><\/div>\n<\/div>\n<\/section>\n\n<section class=\"wp-block-group alignfull gd-section-wrapper has-global-padding is-layout-constrained wp-block-group-is-layout-constrained\">\n<div class=\"wp-block-group alignwide is-layout-flow wp-block-group-is-layout-flow\">\n<h2 class=\"wp-block-heading has-text-align-center\">Inscri\u00e7\u00e3o na newsletter<\/h2>\n\n\n\n\t\t<div class=\"coblocks-form\" id=\"16a13513923c67def79235664a99ce1d85377da8\">\n\n\t\t\t\n\t\t\t<form action=\"https:\/\/aibambus.com\/pt-br\/contato\/#16a13513923c67def79235664a99ce1d85377da8\" method=\"post\">\n\t\t\t\t\n<div class=\"wp-block-coblocks-form\"><label class=\"coblocks-label\">Name <span class=\"required\">&#042;<\/span><\/label>\n\t\t<input type=\"hidden\" name=\"field-name[label]\" value=\"Name\">\n\n\t\t\t\t<input type=\"hidden\" id=\"name-field-id\" name=\"name-field-id\" class=\"coblocks-name-field-id\" value=\"field-name\" \/>\n\t\t\n\t\t<input type=\"text\" id=\"name\" name=\"field-name[value]\" class=\"coblocks-field coblocks-field--name\" required \/>\n\n\t\t\n\n<label class=\"coblocks-label\">Email <span class=\"required\">&#042;<\/span><\/label>\n\t\t<input type=\"hidden\" name=\"field-email[label]\" value=\"Email\">\n\n\t\t\n\t\t<input type=\"hidden\" id=\"email-field-id\" name=\"email-field-id\" class=\"coblocks-email-field-id\" value=\"field-email\" \/>\n\t\t<input type=\"email\" id=\"email\" aria-label=\"Email\" name=\"field-email[value]\" class=\"coblocks-field coblocks-field--email\" required \/>\n\n\t\t\n\n\n\t\t<div class=\"coblocks-form__submit wp-block-button\">\n\t\t\t<button type=\"submit\" class=\"wp-block-button__link\" style=\"\">Submit<\/button>\n\t\t\t<input type=\"hidden\" id=\"form-submit\" name=\"form-submit\" value=\"b380bd2e5a\" \/><input type=\"hidden\" name=\"_wp_http_referer\" value=\"\/pt-br\/wp-json\/wp\/v2\/pages\/86\" \/>\t\t\t<input type=\"hidden\" name=\"action\" value=\"coblocks-form-submit\">\n\n\t\t\t\t\t<\/div>\n\n\t\t<\/div>\n\t\t\t\t<input class=\"coblocks-field verify\" aria-label=\"Enter your email address to verify\" type=\"email\" name=\"coblocks-verify-email\" autocomplete=\"off\" placeholder=\"E-mail\" tabindex=\"-1\">\n\t\t\t\t<input type=\"hidden\" name=\"form-hash\" value=\"16a13513923c67def79235664a99ce1d85377da8\">\n\n\t\t\t\t\t\t\t<\/form>\n\n\t\t<\/div>\n\n\t\t\n\n\n<div style=\"height:50px\" aria-hidden=\"true\" class=\"wp-block-spacer\"><\/div>\n\n\n\n<hr class=\"wp-block-separator has-css-opacity is-style-wide\"\/>\n\n\n\n<div style=\"height:50px\" aria-hidden=\"true\" class=\"wp-block-spacer\"><\/div>\n\n\n\n<div class=\"wp-block-columns is-layout-flex wp-container-core-columns-is-layout-28f84493 wp-block-columns-is-layout-flex\">\n<div class=\"wp-block-column is-vertically-aligned-center is-layout-flow wp-block-column-is-layout-flow\" style=\"flex-basis:66.66%\">\n<div style=\"min-height:400px\" data-map-attr=\"\/qaddress\/q:\/q10120 westview dr, houston tx\/q||\/qlat\/q:\/qundefined\/q||\/qlng\/q:\/qundefined\/q||\/qskin\/q:\/qstandard\/q||\/qzoom\/q:\/q15\/q||\/qiconSize\/q:\/q36\/q||\/qmapTypeControl\/q:\/qtrue\/q||\/qzoomControl\/q:\/qtrue\/q||\/qstreetViewControl\/q:\/qtrue\/q||\/qfullscreenControl\/q:\/qtrue\/q\" class=\"wp-block-coblocks-map\"><iframe title=\"Mapa do Google\" frameborder=\"0\" style=\"width:100%;min-height:400px\" src=\"https:\/\/www.google.com\/maps?q=10120%20westview%20dr%2C%20houston%20tx&amp;output=embed&amp;hl=en-US&amp;z=15\"><\/iframe><\/div>\n<\/div>\n\n\n\n<div class=\"wp-block-column is-vertically-aligned-center is-layout-flow wp-block-column-is-layout-flow\" style=\"flex-basis:33.33%\"><div class=\"wp-block-coblocks-icon\">\n\t\t\t\t<div class=\"wp-block-coblocks-icon__inner\" style=\"height: 60px; width: 60px;\">\n\t\t\t\t\t<svg fill=\"none\" viewBox=\"0 0 20 20\" xmlns=\"http:\/\/www.w3.org\/2000\/svg\"><path d=\"m10 0c-3.921743 0-7.11427301 3.19253001-7.11427301 7.11427301 0 4.95331259 6.18941752 11.86305029 6.45620276 12.15651399l.65807025.729213.6580703-.729213c.2667852-.2934637 6.4562027-7.2032014 6.4562027-12.15651399 0-3.921743-3.19253-7.11427301-7.114273-7.11427301zm0 17.3143619c-1.9386394-2.3210315-5.33570476-7.0520231-5.33570476-10.20008889 0-2.94353046 2.3921743-5.33570476 5.33570476-5.33570476 2.9435305 0 5.3357048 2.3921743 5.3357048 5.33570476 0 3.40595819-3.7794576 8.32369939-5.3357048 10.20008889zm-1.36060471-8.27034234-1.56514007-1.5740329-1.26278345 1.26278346 2.82792352 2.82792348 5.34459761-5.34459756-1.2538906-1.26278346z\" fill=\"currentColor\" \/><\/svg>\n\t\t\t\t<\/div>\n\t\t\t<\/div>\n\n\n<p>10120 Westview dr, Houston, TX<\/p>\n\n\n\n<div style=\"height:1rem\" aria-hidden=\"true\" class=\"wp-block-spacer\"><\/div>\n\n\n\n<div style=\"height:1rem\" aria-hidden=\"true\" class=\"wp-block-spacer\"><\/div>\n\n\n<div class=\"wp-block-coblocks-icon\">\n\t\t\t\t<div class=\"wp-block-coblocks-icon__inner\" style=\"height: 60px; width: 60px;\">\n\t\t\t\t\t<svg fill=\"none\" viewBox=\"0 0 24 24\" xmlns=\"http:\/\/www.w3.org\/2000\/svg\"><path d=\"m12 4c-4.416 0-8 3.584-8 8s3.584 8 8 8h4v-1.6h-4c-3.472 0-6.4-2.928-6.4-6.4s2.928-6.4 6.4-6.4 6.4 2.928 6.4 6.4v1.144c0 .632-.568 1.256-1.2 1.256s-1.2-.624-1.2-1.256v-1.144c0-2.208-1.792-4-4-4s-4 1.792-4 4 1.792 4 4 4c1.104 0 2.112-.448 2.832-1.176.52.712 1.416 1.176 2.368 1.176 1.576 0 2.8-1.28 2.8-2.856v-1.144c0-4.416-3.584-8-8-8zm0 10.4c-1.328 0-2.4-1.072-2.4-2.4s1.072-2.4 2.4-2.4 2.4 1.072 2.4 2.4-1.072 2.4-2.4 2.4z\" fill=\"currentColor\"\/><\/svg>\n\n\t\t\t\t<\/div>\n\t\t\t<\/div>\n\n\n<p>newsletter@aibambus.com<\/p>\n\n\n\n<div style=\"height:1rem\" aria-hidden=\"true\" class=\"wp-block-spacer\"><\/div>\n<\/div>\n<\/div>\n<\/div>\n<\/section>\n","protected":false},"excerpt":{"rendered":"<p>Formul\u00e1rio de contato Perguntas frequentes P: Quais servi\u00e7os a AIBAMBUS oferece? R: Oferecemos servi\u00e7os de consultoria, implementa\u00e7\u00e3o e suporte em IA adaptados \u00e0s suas necessidades. P: Como posso entrar em contato com a AIBAMBUS? R: Voc\u00ea pode nos contatar atrav\u00e9s do nosso formul\u00e1rio de contato ou por email. P: Voc\u00eas fornecem solu\u00e7\u00f5es de IA personalizadas? [&hellip;]<\/p>\n","protected":false},"author":1,"featured_media":0,"parent":0,"menu_order":0,"comment_status":"closed","ping_status":"closed","template":"","meta":{"_coblocks_attr":"","_coblocks_dimensions":"","_coblocks_responsive_height":"","_coblocks_accordion_ie_support":"","footnotes":""},"class_list":["post-86","page","type-page","status-publish","hentry"],"yoast_head":"<!-- This site is optimized with the Yoast SEO plugin v27.4 - https:\/\/yoast.com\/product\/yoast-seo-wordpress\/ -->\n<title>Contato - AIBAMBUS<\/title>\n<meta name=\"description\" content=\"Perguntas Frequentes P: Quais servi\u00e7os a AIBAMBUS oferece? R: Oferecemos servi\u00e7os de consultoria, implementa\u00e7\u00e3o e suporte em IA adaptados \u00e0s suas necessidades.\" \/>\n<meta name=\"robots\" content=\"index, follow, max-snippet:-1, max-image-preview:large, max-video-preview:-1\" \/>\n<link rel=\"canonical\" href=\"https:\/\/aibambus.com\/pt-br\/contato\/\" \/>\n<meta property=\"og:locale\" content=\"pt_BR\" \/>\n<meta property=\"og:type\" content=\"article\" \/>\n<meta property=\"og:title\" content=\"Contato - AIBAMBUS\" \/>\n<meta property=\"og:description\" content=\"Perguntas Frequentes P: Quais servi\u00e7os a AIBAMBUS oferece? R: Oferecemos servi\u00e7os de consultoria, implementa\u00e7\u00e3o e suporte em IA adaptados \u00e0s suas necessidades.\" \/>\n<meta property=\"og:url\" content=\"https:\/\/aibambus.com\/pt-br\/contato\/\" \/>\n<meta property=\"og:site_name\" content=\"AIBAMBUS\" \/>\n<meta property=\"article:modified_time\" content=\"2025-10-12T20:45:47+00:00\" \/>\n<meta property=\"og:image\" content=\"https:\/\/aibambus.com\/wp-content\/uploads\/2025\/06\/1457298290.jpg\" \/>\n<meta name=\"twitter:card\" content=\"summary_large_image\" \/>\n<meta name=\"twitter:label1\" content=\"Est. tempo de leitura\" \/>\n\t<meta name=\"twitter:data1\" content=\"1 minuto\" \/>\n<script type=\"application\/ld+json\" class=\"yoast-schema-graph\">{\"@context\":\"https:\\\/\\\/schema.org\",\"@graph\":[{\"@type\":\"WebPage\",\"@id\":\"https:\\\/\\\/aibambus.com\\\/pt-br\\\/contato\\\/\",\"url\":\"https:\\\/\\\/aibambus.com\\\/pt-br\\\/contato\\\/\",\"name\":\"Contato - AIBAMBUS\",\"isPartOf\":{\"@id\":\"https:\\\/\\\/aibambus.com\\\/pt-br\\\/#website\"},\"primaryImageOfPage\":{\"@id\":\"https:\\\/\\\/aibambus.com\\\/pt-br\\\/contato\\\/#primaryimage\"},\"image\":{\"@id\":\"https:\\\/\\\/aibambus.com\\\/pt-br\\\/contato\\\/#primaryimage\"},\"thumbnailUrl\":\"https:\\\/\\\/aibambus.com\\\/wp-content\\\/uploads\\\/2025\\\/06\\\/1457298290.jpg\",\"datePublished\":\"2025-06-05T20:19:26+00:00\",\"dateModified\":\"2025-10-12T20:45:47+00:00\",\"description\":\"Perguntas Frequentes P: Quais servi\u00e7os a AIBAMBUS oferece? R: Oferecemos servi\u00e7os de consultoria, implementa\u00e7\u00e3o e suporte em IA adaptados \u00e0s suas necessidades.\",\"breadcrumb\":{\"@id\":\"https:\\\/\\\/aibambus.com\\\/pt-br\\\/contato\\\/#breadcrumb\"},\"inLanguage\":\"pt-BR\",\"potentialAction\":[{\"@type\":\"ReadAction\",\"target\":[\"https:\\\/\\\/aibambus.com\\\/pt-br\\\/contato\\\/\"]}]},{\"@type\":\"ImageObject\",\"inLanguage\":\"pt-BR\",\"@id\":\"https:\\\/\\\/aibambus.com\\\/pt-br\\\/contato\\\/#primaryimage\",\"url\":\"https:\\\/\\\/aibambus.com\\\/wp-content\\\/uploads\\\/2025\\\/06\\\/1457298290.jpg\",\"contentUrl\":\"https:\\\/\\\/aibambus.com\\\/wp-content\\\/uploads\\\/2025\\\/06\\\/1457298290.jpg\"},{\"@type\":\"BreadcrumbList\",\"@id\":\"https:\\\/\\\/aibambus.com\\\/pt-br\\\/contato\\\/#breadcrumb\",\"itemListElement\":[{\"@type\":\"ListItem\",\"position\":1,\"name\":\"In\u00edcio\",\"item\":\"https:\\\/\\\/aibambus.com\\\/pt-br\\\/\"},{\"@type\":\"ListItem\",\"position\":2,\"name\":\"Contato\"}]},{\"@type\":\"WebSite\",\"@id\":\"https:\\\/\\\/aibambus.com\\\/pt-br\\\/#website\",\"url\":\"https:\\\/\\\/aibambus.com\\\/pt-br\\\/\",\"name\":\"AIBAMBUS\",\"description\":\"Artificial Intelligence Services and Consulting, AI Agency\",\"publisher\":{\"@id\":\"https:\\\/\\\/aibambus.com\\\/pt-br\\\/#organization\"},\"potentialAction\":[{\"@type\":\"SearchAction\",\"target\":{\"@type\":\"EntryPoint\",\"urlTemplate\":\"https:\\\/\\\/aibambus.com\\\/pt-br\\\/?s={search_term_string}\"},\"query-input\":{\"@type\":\"PropertyValueSpecification\",\"valueRequired\":true,\"valueName\":\"search_term_string\"}}],\"inLanguage\":\"pt-BR\"},{\"@type\":\"Organization\",\"@id\":\"https:\\\/\\\/aibambus.com\\\/pt-br\\\/#organization\",\"name\":\"AIBAMBUS\",\"url\":\"https:\\\/\\\/aibambus.com\\\/pt-br\\\/\",\"logo\":{\"@type\":\"ImageObject\",\"inLanguage\":\"pt-BR\",\"@id\":\"https:\\\/\\\/aibambus.com\\\/pt-br\\\/#\\\/schema\\\/logo\\\/image\\\/\",\"url\":\"https:\\\/\\\/aibambus.com\\\/wp-content\\\/uploads\\\/2025\\\/09\\\/file_00000000eaec622f90c7dd480620b426.png\",\"contentUrl\":\"https:\\\/\\\/aibambus.com\\\/wp-content\\\/uploads\\\/2025\\\/09\\\/file_00000000eaec622f90c7dd480620b426.png\",\"width\":1024,\"height\":1024,\"caption\":\"AIBAMBUS\"},\"image\":{\"@id\":\"https:\\\/\\\/aibambus.com\\\/pt-br\\\/#\\\/schema\\\/logo\\\/image\\\/\"}}]}<\/script>\n<!-- \/ Yoast SEO plugin. -->","yoast_head_json":{"title":"Contato - AIBAMBUS","description":"Perguntas Frequentes P: Quais servi\u00e7os a AIBAMBUS oferece? R: Oferecemos servi\u00e7os de consultoria, implementa\u00e7\u00e3o e suporte em IA adaptados \u00e0s suas necessidades.","robots":{"index":"index","follow":"follow","max-snippet":"max-snippet:-1","max-image-preview":"max-image-preview:large","max-video-preview":"max-video-preview:-1"},"canonical":"https:\/\/aibambus.com\/pt-br\/contato\/","og_locale":"pt_BR","og_type":"article","og_title":"Contato - AIBAMBUS","og_description":"Perguntas Frequentes P: Quais servi\u00e7os a AIBAMBUS oferece? R: Oferecemos servi\u00e7os de consultoria, implementa\u00e7\u00e3o e suporte em IA adaptados \u00e0s suas necessidades.","og_url":"https:\/\/aibambus.com\/pt-br\/contato\/","og_site_name":"AIBAMBUS","article_modified_time":"2025-10-12T20:45:47+00:00","og_image":[{"url":"https:\/\/aibambus.com\/wp-content\/uploads\/2025\/06\/1457298290.jpg","type":"","width":"","height":""}],"twitter_card":"summary_large_image","twitter_misc":{"Est. tempo de leitura":"1 minuto"},"schema":{"@context":"https:\/\/schema.org","@graph":[{"@type":"WebPage","@id":"https:\/\/aibambus.com\/pt-br\/contato\/","url":"https:\/\/aibambus.com\/pt-br\/contato\/","name":"Contato - AIBAMBUS","isPartOf":{"@id":"https:\/\/aibambus.com\/pt-br\/#website"},"primaryImageOfPage":{"@id":"https:\/\/aibambus.com\/pt-br\/contato\/#primaryimage"},"image":{"@id":"https:\/\/aibambus.com\/pt-br\/contato\/#primaryimage"},"thumbnailUrl":"https:\/\/aibambus.com\/wp-content\/uploads\/2025\/06\/1457298290.jpg","datePublished":"2025-06-05T20:19:26+00:00","dateModified":"2025-10-12T20:45:47+00:00","description":"Perguntas Frequentes P: Quais servi\u00e7os a AIBAMBUS oferece? R: Oferecemos servi\u00e7os de consultoria, implementa\u00e7\u00e3o e suporte em IA adaptados \u00e0s suas necessidades.","breadcrumb":{"@id":"https:\/\/aibambus.com\/pt-br\/contato\/#breadcrumb"},"inLanguage":"pt-BR","potentialAction":[{"@type":"ReadAction","target":["https:\/\/aibambus.com\/pt-br\/contato\/"]}]},{"@type":"ImageObject","inLanguage":"pt-BR","@id":"https:\/\/aibambus.com\/pt-br\/contato\/#primaryimage","url":"https:\/\/aibambus.com\/wp-content\/uploads\/2025\/06\/1457298290.jpg","contentUrl":"https:\/\/aibambus.com\/wp-content\/uploads\/2025\/06\/1457298290.jpg"},{"@type":"BreadcrumbList","@id":"https:\/\/aibambus.com\/pt-br\/contato\/#breadcrumb","itemListElement":[{"@type":"ListItem","position":1,"name":"In\u00edcio","item":"https:\/\/aibambus.com\/pt-br\/"},{"@type":"ListItem","position":2,"name":"Contato"}]},{"@type":"WebSite","@id":"https:\/\/aibambus.com\/pt-br\/#website","url":"https:\/\/aibambus.com\/pt-br\/","name":"AIBAMBUS","description":"Artificial Intelligence Services and Consulting, AI Agency","publisher":{"@id":"https:\/\/aibambus.com\/pt-br\/#organization"},"potentialAction":[{"@type":"SearchAction","target":{"@type":"EntryPoint","urlTemplate":"https:\/\/aibambus.com\/pt-br\/?s={search_term_string}"},"query-input":{"@type":"PropertyValueSpecification","valueRequired":true,"valueName":"search_term_string"}}],"inLanguage":"pt-BR"},{"@type":"Organization","@id":"https:\/\/aibambus.com\/pt-br\/#organization","name":"AIBAMBUS","url":"https:\/\/aibambus.com\/pt-br\/","logo":{"@type":"ImageObject","inLanguage":"pt-BR","@id":"https:\/\/aibambus.com\/pt-br\/#\/schema\/logo\/image\/","url":"https:\/\/aibambus.com\/wp-content\/uploads\/2025\/09\/file_00000000eaec622f90c7dd480620b426.png","contentUrl":"https:\/\/aibambus.com\/wp-content\/uploads\/2025\/09\/file_00000000eaec622f90c7dd480620b426.png","width":1024,"height":1024,"caption":"AIBAMBUS"},"image":{"@id":"https:\/\/aibambus.com\/pt-br\/#\/schema\/logo\/image\/"}}]}},"_links":{"self":[{"href":"https:\/\/aibambus.com\/pt-br\/wp-json\/wp\/v2\/pages\/86","targetHints":{"allow":["GET"]}}],"collection":[{"href":"https:\/\/aibambus.com\/pt-br\/wp-json\/wp\/v2\/pages"}],"about":[{"href":"https:\/\/aibambus.com\/pt-br\/wp-json\/wp\/v2\/types\/page"}],"author":[{"embeddable":true,"href":"https:\/\/aibambus.com\/pt-br\/wp-json\/wp\/v2\/users\/1"}],"replies":[{"embeddable":true,"href":"https:\/\/aibambus.com\/pt-br\/wp-json\/wp\/v2\/comments?post=86"}],"version-history":[{"count":5,"href":"https:\/\/aibambus.com\/pt-br\/wp-json\/wp\/v2\/pages\/86\/revisions"}],"predecessor-version":[{"id":358,"href":"https:\/\/aibambus.com\/pt-br\/wp-json\/wp\/v2\/pages\/86\/revisions\/358"}],"wp:attachment":[{"href":"https:\/\/aibambus.com\/pt-br\/wp-json\/wp\/v2\/media?parent=86"}],"curies":[{"name":"wp","href":"https:\/\/api.w.org\/{rel}","templated":true}]}}