{"id":78,"date":"2025-06-05T20:19:26","date_gmt":"2025-06-05T20:19:26","guid":{"rendered":"https:\/\/aibambus.com\/aibambus\/"},"modified":"2025-10-12T20:48:17","modified_gmt":"2025-10-12T20:48:17","slug":"aibambus","status":"publish","type":"page","link":"https:\/\/aibambus.com\/pt-br\/","title":{"rendered":"AIBAMBUS"},"content":{"rendered":"\n<section class=\"wp-block-group alignfull gd-section-wrapper has-global-padding is-layout-constrained wp-block-group-is-layout-constrained\">\n<div class=\"wp-block-cover alignfull is-light has-custom-content-position is-position-center-center\"><img decoding=\"async\" class=\"wp-block-cover__image-background\" alt=\"\" src=\"https:\/\/aibambus.com\/wp-content\/uploads\/2025\/06\/1274394072.jpg\" data-object-fit=\"cover\"\/><span aria-hidden=\"true\" class=\"wp-block-cover__background has-vivid-green-cyan-background-color has-background-dim-20 has-background-dim\"><\/span><div class=\"wp-block-cover__inner-container is-layout-flow wp-block-cover-is-layout-flow\">\n<h1 class=\"wp-block-heading has-text-align-center\"><mark style=\"background-color:rgba(0, 0, 0, 0);color:#ff6900\" class=\"has-inline-color\">Inove com marketing digital e IA<\/mark><\/h1>\n\n\n\n<p class=\"has-text-align-center\"><mark style=\"background-color:rgba(0, 0, 0, 0);color:#ff6900\" class=\"has-inline-color\">Bem-vindo \u00e0 AIBAMBUS,<strong>Sua parceira de confian\u00e7a em consultoria de Marketing Digital e Intelig\u00eancia Artificial. Desbloqueie o potencial do Marketing Digital e da IA para transformar seu neg\u00f3cio. <\/strong><\/mark><\/p>\n\n\n\n<div class=\"wp-block-buttons is-content-justification-center is-layout-flex wp-container-core-buttons-is-layout-a89b3969 wp-block-buttons-is-layout-flex\">\n<div class=\"wp-block-button is-style-fill\"><a class=\"wp-block-button__link wp-element-button\" href=\"https:\/\/aibambus.com\/pt-br\/contato\/\">Saiba mais<\/a><\/div>\n\n\n\n<div class=\"wp-block-button is-style-fill\"><a class=\"wp-block-button__link wp-element-button\" href=\"https:\/\/aibambus.com\/pt-br\/contato\/\">Entre em contato<\/a><\/div>\n<\/div>\n<\/div><\/div>\n<\/section>\n\n<section class=\"wp-block-group alignfull gd-section-wrapper has-global-padding is-layout-constrained wp-block-group-is-layout-constrained\">\n<section class=\"wp-block-group alignwide is-layout-flow wp-block-group-is-layout-flow\"><div class='mwai-chatbot-container' data-params='{&quot;aiName&quot;:&quot;AIBAMBUS Support Rep: &quot;,&quot;userName&quot;:&quot;User: &quot;,&quot;guestName&quot;:&quot;Guest:&quot;,&quot;aiAvatar&quot;:false,&quot;textSend&quot;:&quot;Send&quot;,&quot;textClear&quot;:&quot;Clear&quot;,&quot;imageUpload&quot;:false,&quot;fileUpload&quot;:false,&quot;multiUpload&quot;:false,&quot;maxUploads&quot;:1,&quot;fileUploads&quot;:0,&quot;mode&quot;:&quot;chat&quot;,&quot;textInputPlaceholder&quot;:&quot;Type your message...&quot;,&quot;textInputMaxLength&quot;:512,&quot;textCompliance&quot;:&quot;&quot;,&quot;startSentence&quot;:&quot;Hi! How can I help you?&quot;,&quot;localMemory&quot;:true,&quot;themeId&quot;:&quot;timeless&quot;,&quot;window&quot;:true,&quot;icon&quot;:&quot;&quot;,&quot;iconText&quot;:&quot;&quot;,&quot;iconTextDelay&quot;:1,&quot;iconAlt&quot;:&quot;AI Engine Chatbot&quot;,&quot;iconPosition&quot;:&quot;bottom-right&quot;,&quot;centerOpen&quot;:false,&quot;width&quot;:&quot;&quot;,&quot;openDelay&quot;:&quot;&quot;,&quot;iconBubble&quot;:false,&quot;windowAnimation&quot;:&quot;zoom&quot;,&quot;fullscreen&quot;:true,&quot;copyButton&quot;:false,&quot;headerSubtitle&quot;:&quot;Discuss with&quot;,&quot;containerType&quot;:&quot;standard&quot;,&quot;headerType&quot;:&quot;standard&quot;,&quot;messagesType&quot;:&quot;standard&quot;,&quot;inputType&quot;:&quot;standard&quot;,&quot;footerType&quot;:&quot;standard&quot;}' data-system='{&quot;botId&quot;:&quot;default&quot;,&quot;customId&quot;:null,&quot;userData&quot;:null,&quot;sessionId&quot;:&quot;69eb8372c78ff&quot;,&quot;restNonce&quot;:null,&quot;contextId&quot;:null,&quot;pluginUrl&quot;:&quot;https:\\\/\\\/aibambus.com\\\/wp-content\\\/plugins\\\/ai-engine&quot;,&quot;restUrl&quot;:&quot;https:\\\/\\\/aibambus.com\\\/pt-br\\\/wp-json&quot;,&quot;stream&quot;:true,&quot;debugMode&quot;:false,&quot;eventLogs&quot;:false,&quot;speech_recognition&quot;:false,&quot;speech_synthesis&quot;:false,&quot;typewriter&quot;:false,&quot;crossSite&quot;:false,&quot;actions&quot;:[],&quot;blocks&quot;:[],&quot;shortcuts&quot;:[]}' data-theme='{&quot;type&quot;:&quot;internal&quot;,&quot;name&quot;:&quot;Timeless&quot;,&quot;themeId&quot;:&quot;timeless&quot;,&quot;settings&quot;:[],&quot;style&quot;:&quot;&quot;,&quot;cssUrl&quot;:&quot;https:\\\/\\\/aibambus.com\\\/wp-content\\\/plugins\\\/ai-engine\\\/themes\\\/timeless.css&quot;}'><\/div>\n\n\n\n<h2 class=\"wp-block-heading has-text-align-center\">Nossos servi\u00e7os<\/h2>\n\n\n\n<p class=\"has-text-align-center\">Explore nossa gama de servi\u00e7os projetados para ajud\u00e1-lo a aproveitar o Marketing Digital e a IA para o sucesso.<\/p>\n\n\n\n<div style=\"height:2rem\" aria-hidden=\"true\" class=\"wp-block-spacer\"><\/div>\n\n\n\n<div class=\"wp-block-columns is-layout-flex wp-container-core-columns-is-layout-28f84493 wp-block-columns-is-layout-flex\">\n<div class=\"wp-block-column is-layout-flow wp-block-column-is-layout-flow\">\n<figure class=\"wp-block-image size-large is-resized\"><img loading=\"lazy\" decoding=\"async\" width=\"1024\" height=\"684\" src=\"https:\/\/aibambus.com\/wp-content\/uploads\/2025\/06\/1435014643-e1760299612562-1024x684.jpg\" alt=\"\" class=\"wp-image-5\" style=\"object-fit:cover;width:384px;height:auto\" srcset=\"https:\/\/aibambus.com\/wp-content\/uploads\/2025\/06\/1435014643-e1760299612562-1024x684.jpg 1024w, https:\/\/aibambus.com\/wp-content\/uploads\/2025\/06\/1435014643-e1760299612562-300x200.jpg 300w, https:\/\/aibambus.com\/wp-content\/uploads\/2025\/06\/1435014643-e1760299612562-768x513.jpg 768w, https:\/\/aibambus.com\/wp-content\/uploads\/2025\/06\/1435014643-e1760299612562-1536x1026.jpg 1536w, https:\/\/aibambus.com\/wp-content\/uploads\/2025\/06\/1435014643-e1760299612562-2048x1369.jpg 2048w\" sizes=\"auto, (max-width: 1024px) 100vw, 1024px\" \/><\/figure>\n\n\n\n<h3 class=\"wp-block-heading\">Consultoria em estrat\u00e9gia de marketing digital<\/h3>\n\n\n\n<p>Desenvolva uma estrat\u00e9gia abrangente de Marketing Digital usando estrat\u00e9gia de IA adaptada \u00e0s necessidades do seu neg\u00f3cio com nossos consultores especialistas.<\/p>\n<\/div>\n\n\n\n<div class=\"wp-block-column is-layout-flow wp-block-column-is-layout-flow\">\n<figure class=\"wp-block-image is-resized\"><img decoding=\"async\" src=\"https:\/\/aibambus.com\/wp-content\/uploads\/2025\/06\/1515913422.jpg\" alt=\"um analista de dados usando tecnologia de IA para trabalhar\" style=\"aspect-ratio:3\/4;object-fit:cover;width:auto\"\/><\/figure>\n\n\n\n<h3 class=\"wp-block-heading\">An\u00e1lise de dados e insights<\/h3>\n\n\n\n<p>Aproveite os dados com ferramentas de Marketing e IA de ponta para obter insights acion\u00e1veis e impulsionar o crescimento.<\/p>\n<\/div>\n\n\n\n<div class=\"wp-block-column is-layout-flow wp-block-column-is-layout-flow\">\n<figure class=\"wp-block-image is-resized\"><img decoding=\"async\" src=\"https:\/\/aibambus.com\/wp-content\/uploads\/2025\/06\/1414644546.jpg\" alt=\"M&#xE3;os e dedos rob&#xF3;ticos apontando para o bot&#xE3;o do laptop\" style=\"aspect-ratio:3\/4;object-fit:cover;width:auto\"\/><\/figure>\n\n\n\n<h3 class=\"wp-block-heading\">Integra\u00e7\u00e3o de marketing digital e IA<\/h3>\n\n\n\n<p>Integre perfeitamente solu\u00e7\u00f5es de Marketing Digital e IA em seus sistemas existentes com nossos servi\u00e7os profissionais de implanta\u00e7\u00e3o.<\/p>\n<\/div>\n<\/div>\n<\/section>\n<\/section>\n\n<section class=\"wp-block-group alignfull gd-section-wrapper has-global-padding is-layout-constrained wp-block-group-is-layout-constrained\">\n<div class=\"wp-block-group alignwide is-layout-flow wp-block-group-is-layout-flow\">\n<h2 class=\"wp-block-heading has-text-align-center\">Sobre n\u00f3s<\/h2>\n\n\n\n<p>Na AIBAMBUS, nos especializamos em fornecer solu\u00e7\u00f5es inovadoras de intelig\u00eancia artificial para empresas em diversos setores. Nossa equipe de especialistas \u00e9 dedicada a ajud\u00e1-lo a navegar pelas complexidades do Marketing Digital e da IA, oferecendo servi\u00e7os de consultoria adaptados para atender \u00e0s suas necessidades \u00fanicas. <\/p>\n\n\n\n<div style=\"height:3rem\" aria-hidden=\"true\" class=\"wp-block-spacer\"><\/div>\n\n\n\n<p>Nossa miss\u00e3o \u00e9 capacitar organiza\u00e7\u00f5es com o conhecimento e as ferramentas necess\u00e1rias para ter sucesso no mundo em constante evolu\u00e7\u00e3o do Marketing Digital e da IA. Com foco em pr\u00e1ticas \u00e9ticas de Marketing Digital e IA, nosso objetivo \u00e9 criar solu\u00e7\u00f5es que n\u00e3o apenas impulsionem o sucesso dos neg\u00f3cios, mas tamb\u00e9m contribuam positivamente para a sociedade. <\/p>\n\n\n\n<div style=\"height:3rem\" aria-hidden=\"true\" class=\"wp-block-spacer\"><\/div>\n<\/div>\n<\/section>\n\n<section class=\"wp-block-group alignfull gd-section-wrapper has-global-padding is-layout-constrained wp-block-group-is-layout-constrained\">\n<section class=\"wp-block-group alignwide is-layout-flow wp-block-group-is-layout-flow\">\n<h2 class=\"wp-block-heading has-text-align-center\">O que nossos clientes dizem<\/h2>\n\n\n\n<p class=\"has-text-align-center\">Ou\u00e7a nossos clientes satisfeitos<\/p>\n\n\n\n<div style=\"height:2rem\" aria-hidden=\"true\" class=\"wp-block-spacer\"><\/div>\n\n\n\n<hr class=\"wp-block-separator has-css-opacity is-style-wide\"\/>\n\n\n\n<div style=\"height:5rem\" aria-hidden=\"true\" class=\"wp-block-spacer\"><\/div>\n\n\n\n<div class=\"wp-block-group is-layout-grid wp-container-core-group-is-layout-389566b2 wp-block-group-is-layout-grid\">\n<div class=\"wp-block-group has-border-color has-accent-border-color has-accent-text-color has-accent-background-color has-text-color has-background is-vertical is-content-justification-center is-layout-flex wp-container-core-group-is-layout-5852aad3 wp-block-group-is-layout-flex\" style=\"border-style:solid;border-width:1px;border-radius:50px;padding-top:var(--wp--preset--spacing--30);padding-right:var(--wp--preset--spacing--50);padding-bottom:var(--wp--preset--spacing--30);padding-left:var(--wp--preset--spacing--50)\">\n<p class=\"has-medium-font-size\"><em>A AIBAMBUS transformou nossas opera\u00e7\u00f5es de neg\u00f3cios com suas solu\u00e7\u00f5es inovadoras de Marketing Digital e IA. Recomendamos fortemente! <\/em><\/p>\n\n\n\n<div class=\"wp-block-group is-layout-flow wp-block-group-is-layout-flow\">\n<p>Emily R., Gerente de Opera\u00e7\u00f5es<\/p>\n<\/div>\n<\/div>\n\n\n\n<div class=\"wp-block-group has-border-color has-accent-border-color has-accent-text-color has-accent-background-color has-text-color has-background is-vertical is-content-justification-center is-layout-flex wp-container-core-group-is-layout-5852aad3 wp-block-group-is-layout-flex\" style=\"border-style:solid;border-width:1px;border-radius:50px;padding-top:var(--wp--preset--spacing--30);padding-right:var(--wp--preset--spacing--50);padding-bottom:var(--wp--preset--spacing--30);padding-left:var(--wp--preset--spacing--50)\">\n<p class=\"has-medium-font-size\"><em>A equipe da AIBAMBUS \u00e9 conhecedora e profissional. Seus servi\u00e7os de consultoria em Marketing Digital e IA foram de primeira classe! <\/em><\/p>\n\n\n\n<div class=\"wp-block-group is-layout-flow wp-block-group-is-layout-flow\">\n<p>James T., CTO<\/p>\n<\/div>\n<\/div>\n<\/div>\n<\/section>\n<\/section>\n","protected":false},"excerpt":{"rendered":"<p>Nossos servi\u00e7os Explore nossa gama de servi\u00e7os projetados para ajud\u00e1-lo a aproveitar o Marketing Digital e a IA para o sucesso. Consultoria em estrat\u00e9gia de marketing digital Desenvolva uma estrat\u00e9gia abrangente de Marketing Digital usando estrat\u00e9gia de IA adaptada \u00e0s necessidades do seu neg\u00f3cio com nossos consultores especialistas. An\u00e1lise de dados e insights Aproveite os [&hellip;]<\/p>\n","protected":false},"author":1,"featured_media":0,"parent":0,"menu_order":0,"comment_status":"closed","ping_status":"closed","template":"","meta":{"_coblocks_attr":"","_coblocks_dimensions":"","_coblocks_responsive_height":"","_coblocks_accordion_ie_support":"","footnotes":""},"class_list":["post-78","page","type-page","status-publish","hentry"],"yoast_head":"<!-- This site is optimized with the Yoast SEO plugin v27.4 - https:\/\/yoast.com\/product\/yoast-seo-wordpress\/ -->\n<title>AIBAMBUS - AIBAMBUS<\/title>\n<meta name=\"description\" content=\"Bem-vindo \u00e0 AIBAMBUS, sua parceira de confian\u00e7a em consultoria de Marketing Digital e Intelig\u00eancia Artificial. Desbloqueie o potencial da IA para transformar seu neg\u00f3cio.\" \/>\n<meta name=\"robots\" content=\"index, follow, max-snippet:-1, max-image-preview:large, max-video-preview:-1\" \/>\n<link rel=\"canonical\" href=\"https:\/\/aibambus.com\/pt-br\/\" \/>\n<meta property=\"og:locale\" content=\"pt_BR\" \/>\n<meta property=\"og:type\" content=\"article\" \/>\n<meta property=\"og:title\" content=\"AIBAMBUS - AIBAMBUS\" \/>\n<meta property=\"og:description\" content=\"Bem-vindo \u00e0 AIBAMBUS, sua parceira de confian\u00e7a em consultoria de Marketing Digital e Intelig\u00eancia Artificial. Desbloqueie o potencial da IA para transformar seu neg\u00f3cio.\" \/>\n<meta property=\"og:url\" content=\"https:\/\/aibambus.com\/pt-br\/\" \/>\n<meta property=\"og:site_name\" content=\"AIBAMBUS\" \/>\n<meta property=\"article:modified_time\" content=\"2025-10-12T20:48:17+00:00\" \/>\n<meta property=\"og:image\" content=\"https:\/\/aibambus.com\/wp-content\/uploads\/2025\/06\/1274394072.jpg\" \/>\n<meta name=\"twitter:card\" content=\"summary_large_image\" \/>\n<meta name=\"twitter:label1\" content=\"Est. tempo de leitura\" \/>\n\t<meta name=\"twitter:data1\" content=\"2 minutos\" \/>\n<script type=\"application\/ld+json\" class=\"yoast-schema-graph\">{\"@context\":\"https:\\\/\\\/schema.org\",\"@graph\":[{\"@type\":\"WebPage\",\"@id\":\"https:\\\/\\\/aibambus.com\\\/pt-br\\\/\",\"url\":\"https:\\\/\\\/aibambus.com\\\/pt-br\\\/\",\"name\":\"AIBAMBUS - AIBAMBUS\",\"isPartOf\":{\"@id\":\"https:\\\/\\\/aibambus.com\\\/pt-br\\\/#website\"},\"primaryImageOfPage\":{\"@id\":\"https:\\\/\\\/aibambus.com\\\/pt-br\\\/#primaryimage\"},\"image\":{\"@id\":\"https:\\\/\\\/aibambus.com\\\/pt-br\\\/#primaryimage\"},\"thumbnailUrl\":\"https:\\\/\\\/aibambus.com\\\/wp-content\\\/uploads\\\/2025\\\/06\\\/1274394072.jpg\",\"datePublished\":\"2025-06-05T20:19:26+00:00\",\"dateModified\":\"2025-10-12T20:48:17+00:00\",\"description\":\"Bem-vindo \u00e0 AIBAMBUS, sua parceira de confian\u00e7a em consultoria de Marketing Digital e Intelig\u00eancia Artificial. Desbloqueie o potencial da IA para transformar seu neg\u00f3cio.\",\"breadcrumb\":{\"@id\":\"https:\\\/\\\/aibambus.com\\\/pt-br\\\/#breadcrumb\"},\"inLanguage\":\"pt-BR\",\"potentialAction\":[{\"@type\":\"ReadAction\",\"target\":[\"https:\\\/\\\/aibambus.com\\\/pt-br\\\/\"]}]},{\"@type\":\"ImageObject\",\"inLanguage\":\"pt-BR\",\"@id\":\"https:\\\/\\\/aibambus.com\\\/pt-br\\\/#primaryimage\",\"url\":\"https:\\\/\\\/aibambus.com\\\/wp-content\\\/uploads\\\/2025\\\/06\\\/1274394072.jpg\",\"contentUrl\":\"https:\\\/\\\/aibambus.com\\\/wp-content\\\/uploads\\\/2025\\\/06\\\/1274394072.jpg\"},{\"@type\":\"BreadcrumbList\",\"@id\":\"https:\\\/\\\/aibambus.com\\\/pt-br\\\/#breadcrumb\",\"itemListElement\":[{\"@type\":\"ListItem\",\"position\":1,\"name\":\"In\u00edcio\",\"item\":\"https:\\\/\\\/aibambus.com\\\/pt-br\\\/\"},{\"@type\":\"ListItem\",\"position\":2,\"name\":\"AIBAMBUS\"}]},{\"@type\":\"WebSite\",\"@id\":\"https:\\\/\\\/aibambus.com\\\/pt-br\\\/#website\",\"url\":\"https:\\\/\\\/aibambus.com\\\/pt-br\\\/\",\"name\":\"AIBAMBUS\",\"description\":\"Artificial Intelligence Services and Consulting, AI Agency\",\"publisher\":{\"@id\":\"https:\\\/\\\/aibambus.com\\\/pt-br\\\/#organization\"},\"potentialAction\":[{\"@type\":\"SearchAction\",\"target\":{\"@type\":\"EntryPoint\",\"urlTemplate\":\"https:\\\/\\\/aibambus.com\\\/pt-br\\\/?s={search_term_string}\"},\"query-input\":{\"@type\":\"PropertyValueSpecification\",\"valueRequired\":true,\"valueName\":\"search_term_string\"}}],\"inLanguage\":\"pt-BR\"},{\"@type\":\"Organization\",\"@id\":\"https:\\\/\\\/aibambus.com\\\/pt-br\\\/#organization\",\"name\":\"AIBAMBUS\",\"url\":\"https:\\\/\\\/aibambus.com\\\/pt-br\\\/\",\"logo\":{\"@type\":\"ImageObject\",\"inLanguage\":\"pt-BR\",\"@id\":\"https:\\\/\\\/aibambus.com\\\/pt-br\\\/#\\\/schema\\\/logo\\\/image\\\/\",\"url\":\"https:\\\/\\\/aibambus.com\\\/wp-content\\\/uploads\\\/2025\\\/09\\\/file_00000000eaec622f90c7dd480620b426.png\",\"contentUrl\":\"https:\\\/\\\/aibambus.com\\\/wp-content\\\/uploads\\\/2025\\\/09\\\/file_00000000eaec622f90c7dd480620b426.png\",\"width\":1024,\"height\":1024,\"caption\":\"AIBAMBUS\"},\"image\":{\"@id\":\"https:\\\/\\\/aibambus.com\\\/pt-br\\\/#\\\/schema\\\/logo\\\/image\\\/\"}}]}<\/script>\n<!-- \/ Yoast SEO plugin. -->","yoast_head_json":{"title":"AIBAMBUS - AIBAMBUS","description":"Bem-vindo \u00e0 AIBAMBUS, sua parceira de confian\u00e7a em consultoria de Marketing Digital e Intelig\u00eancia Artificial. Desbloqueie o potencial da IA para transformar seu neg\u00f3cio.","robots":{"index":"index","follow":"follow","max-snippet":"max-snippet:-1","max-image-preview":"max-image-preview:large","max-video-preview":"max-video-preview:-1"},"canonical":"https:\/\/aibambus.com\/pt-br\/","og_locale":"pt_BR","og_type":"article","og_title":"AIBAMBUS - AIBAMBUS","og_description":"Bem-vindo \u00e0 AIBAMBUS, sua parceira de confian\u00e7a em consultoria de Marketing Digital e Intelig\u00eancia Artificial. Desbloqueie o potencial da IA para transformar seu neg\u00f3cio.","og_url":"https:\/\/aibambus.com\/pt-br\/","og_site_name":"AIBAMBUS","article_modified_time":"2025-10-12T20:48:17+00:00","og_image":[{"url":"https:\/\/aibambus.com\/wp-content\/uploads\/2025\/06\/1274394072.jpg","type":"","width":"","height":""}],"twitter_card":"summary_large_image","twitter_misc":{"Est. tempo de leitura":"2 minutos"},"schema":{"@context":"https:\/\/schema.org","@graph":[{"@type":"WebPage","@id":"https:\/\/aibambus.com\/pt-br\/","url":"https:\/\/aibambus.com\/pt-br\/","name":"AIBAMBUS - AIBAMBUS","isPartOf":{"@id":"https:\/\/aibambus.com\/pt-br\/#website"},"primaryImageOfPage":{"@id":"https:\/\/aibambus.com\/pt-br\/#primaryimage"},"image":{"@id":"https:\/\/aibambus.com\/pt-br\/#primaryimage"},"thumbnailUrl":"https:\/\/aibambus.com\/wp-content\/uploads\/2025\/06\/1274394072.jpg","datePublished":"2025-06-05T20:19:26+00:00","dateModified":"2025-10-12T20:48:17+00:00","description":"Bem-vindo \u00e0 AIBAMBUS, sua parceira de confian\u00e7a em consultoria de Marketing Digital e Intelig\u00eancia Artificial. Desbloqueie o potencial da IA para transformar seu neg\u00f3cio.","breadcrumb":{"@id":"https:\/\/aibambus.com\/pt-br\/#breadcrumb"},"inLanguage":"pt-BR","potentialAction":[{"@type":"ReadAction","target":["https:\/\/aibambus.com\/pt-br\/"]}]},{"@type":"ImageObject","inLanguage":"pt-BR","@id":"https:\/\/aibambus.com\/pt-br\/#primaryimage","url":"https:\/\/aibambus.com\/wp-content\/uploads\/2025\/06\/1274394072.jpg","contentUrl":"https:\/\/aibambus.com\/wp-content\/uploads\/2025\/06\/1274394072.jpg"},{"@type":"BreadcrumbList","@id":"https:\/\/aibambus.com\/pt-br\/#breadcrumb","itemListElement":[{"@type":"ListItem","position":1,"name":"In\u00edcio","item":"https:\/\/aibambus.com\/pt-br\/"},{"@type":"ListItem","position":2,"name":"AIBAMBUS"}]},{"@type":"WebSite","@id":"https:\/\/aibambus.com\/pt-br\/#website","url":"https:\/\/aibambus.com\/pt-br\/","name":"AIBAMBUS","description":"Artificial Intelligence Services and Consulting, AI Agency","publisher":{"@id":"https:\/\/aibambus.com\/pt-br\/#organization"},"potentialAction":[{"@type":"SearchAction","target":{"@type":"EntryPoint","urlTemplate":"https:\/\/aibambus.com\/pt-br\/?s={search_term_string}"},"query-input":{"@type":"PropertyValueSpecification","valueRequired":true,"valueName":"search_term_string"}}],"inLanguage":"pt-BR"},{"@type":"Organization","@id":"https:\/\/aibambus.com\/pt-br\/#organization","name":"AIBAMBUS","url":"https:\/\/aibambus.com\/pt-br\/","logo":{"@type":"ImageObject","inLanguage":"pt-BR","@id":"https:\/\/aibambus.com\/pt-br\/#\/schema\/logo\/image\/","url":"https:\/\/aibambus.com\/wp-content\/uploads\/2025\/09\/file_00000000eaec622f90c7dd480620b426.png","contentUrl":"https:\/\/aibambus.com\/wp-content\/uploads\/2025\/09\/file_00000000eaec622f90c7dd480620b426.png","width":1024,"height":1024,"caption":"AIBAMBUS"},"image":{"@id":"https:\/\/aibambus.com\/pt-br\/#\/schema\/logo\/image\/"}}]}},"_links":{"self":[{"href":"https:\/\/aibambus.com\/pt-br\/wp-json\/wp\/v2\/pages\/78","targetHints":{"allow":["GET"]}}],"collection":[{"href":"https:\/\/aibambus.com\/pt-br\/wp-json\/wp\/v2\/pages"}],"about":[{"href":"https:\/\/aibambus.com\/pt-br\/wp-json\/wp\/v2\/types\/page"}],"author":[{"embeddable":true,"href":"https:\/\/aibambus.com\/pt-br\/wp-json\/wp\/v2\/users\/1"}],"replies":[{"embeddable":true,"href":"https:\/\/aibambus.com\/pt-br\/wp-json\/wp\/v2\/comments?post=78"}],"version-history":[{"count":7,"href":"https:\/\/aibambus.com\/pt-br\/wp-json\/wp\/v2\/pages\/78\/revisions"}],"predecessor-version":[{"id":359,"href":"https:\/\/aibambus.com\/pt-br\/wp-json\/wp\/v2\/pages\/78\/revisions\/359"}],"wp:attachment":[{"href":"https:\/\/aibambus.com\/pt-br\/wp-json\/wp\/v2\/media?parent=78"}],"curies":[{"name":"wp","href":"https:\/\/api.w.org\/{rel}","templated":true}]}}