{"id":80,"date":"2025-06-05T20:19:26","date_gmt":"2025-06-05T20:19:26","guid":{"rendered":"https:\/\/aibambus.com\/aibambus\/"},"modified":"2025-10-12T20:49:25","modified_gmt":"2025-10-12T20:49:25","slug":"aibambus","status":"publish","type":"page","link":"https:\/\/aibambus.com\/fr\/","title":{"rendered":"AIBAMBUS"},"content":{"rendered":"\n<section class=\"wp-block-group alignfull gd-section-wrapper has-global-padding is-layout-constrained wp-block-group-is-layout-constrained\">\n<div class=\"wp-block-cover alignfull is-light has-custom-content-position is-position-center-center\"><img decoding=\"async\" class=\"wp-block-cover__image-background\" alt=\"\" src=\"https:\/\/aibambus.com\/wp-content\/uploads\/2025\/06\/1274394072.jpg\" data-object-fit=\"cover\"\/><span aria-hidden=\"true\" class=\"wp-block-cover__background has-vivid-green-cyan-background-color has-background-dim-20 has-background-dim\"><\/span><div class=\"wp-block-cover__inner-container is-layout-flow wp-block-cover-is-layout-flow\">\n<h1 class=\"wp-block-heading has-text-align-center\"><mark style=\"background-color:rgba(0, 0, 0, 0);color:#ff6900\" class=\"has-inline-color\">Innovez avec l&rsquo;IA<\/mark><\/h1>\n\n\n\n<p class=\"has-text-align-center\"><mark style=\"background-color:rgba(0, 0, 0, 0);color:#ff6900\" class=\"has-inline-color\">Bienvenue chez AIBAMBUS,<strong>Votre partenaire de confiance en conseil en marketing num\u00e9rique et intelligence artificielle. Lib\u00e9rez le potentiel du marketing num\u00e9rique et de l&rsquo;IA pour transformer votre entreprise. <\/strong><\/mark><\/p>\n\n\n\n<div class=\"wp-block-buttons is-content-justification-center is-layout-flex wp-container-core-buttons-is-layout-a89b3969 wp-block-buttons-is-layout-flex\">\n<div class=\"wp-block-button is-style-fill\"><a class=\"wp-block-button__link wp-element-button\" href=\"https:\/\/aibambus.com\/fr\/services\/\">En savoir plus<\/a><\/div>\n\n\n\n<div class=\"wp-block-button is-style-fill\"><a class=\"wp-block-button__link wp-element-button\" href=\"https:\/\/aibambus.com\/fr\/contact\/\">Contactez-nous<\/a><\/div>\n<\/div>\n<\/div><\/div>\n<\/section>\n\n\n\n<section class=\"wp-block-group alignfull gd-section-wrapper has-global-padding is-layout-constrained wp-block-group-is-layout-constrained\">\n<section class=\"wp-block-group alignwide is-layout-flow wp-block-group-is-layout-flow\"><div class='mwai-chatbot-container' data-params='{&quot;aiName&quot;:&quot;AIBAMBUS Support Rep: &quot;,&quot;userName&quot;:&quot;User: &quot;,&quot;guestName&quot;:&quot;Guest:&quot;,&quot;aiAvatar&quot;:false,&quot;textSend&quot;:&quot;Send&quot;,&quot;textClear&quot;:&quot;Clear&quot;,&quot;imageUpload&quot;:false,&quot;fileUpload&quot;:false,&quot;multiUpload&quot;:false,&quot;maxUploads&quot;:1,&quot;fileUploads&quot;:0,&quot;mode&quot;:&quot;chat&quot;,&quot;textInputPlaceholder&quot;:&quot;Type your message...&quot;,&quot;textInputMaxLength&quot;:512,&quot;textCompliance&quot;:&quot;&quot;,&quot;startSentence&quot;:&quot;Hi! How can I help you?&quot;,&quot;localMemory&quot;:true,&quot;themeId&quot;:&quot;timeless&quot;,&quot;window&quot;:true,&quot;icon&quot;:&quot;&quot;,&quot;iconText&quot;:&quot;&quot;,&quot;iconTextDelay&quot;:1,&quot;iconAlt&quot;:&quot;AI Engine Chatbot&quot;,&quot;iconPosition&quot;:&quot;bottom-right&quot;,&quot;centerOpen&quot;:false,&quot;width&quot;:&quot;&quot;,&quot;openDelay&quot;:&quot;&quot;,&quot;iconBubble&quot;:false,&quot;windowAnimation&quot;:&quot;zoom&quot;,&quot;fullscreen&quot;:true,&quot;copyButton&quot;:false,&quot;headerSubtitle&quot;:&quot;Discuss with&quot;,&quot;containerType&quot;:&quot;standard&quot;,&quot;headerType&quot;:&quot;standard&quot;,&quot;messagesType&quot;:&quot;standard&quot;,&quot;inputType&quot;:&quot;standard&quot;,&quot;footerType&quot;:&quot;standard&quot;}' data-system='{&quot;botId&quot;:&quot;default&quot;,&quot;customId&quot;:null,&quot;userData&quot;:null,&quot;sessionId&quot;:&quot;69eb82f24cd4a&quot;,&quot;restNonce&quot;:null,&quot;contextId&quot;:null,&quot;pluginUrl&quot;:&quot;https:\\\/\\\/aibambus.com\\\/wp-content\\\/plugins\\\/ai-engine&quot;,&quot;restUrl&quot;:&quot;https:\\\/\\\/aibambus.com\\\/fr\\\/wp-json&quot;,&quot;stream&quot;:true,&quot;debugMode&quot;:false,&quot;eventLogs&quot;:false,&quot;speech_recognition&quot;:false,&quot;speech_synthesis&quot;:false,&quot;typewriter&quot;:false,&quot;crossSite&quot;:false,&quot;actions&quot;:[],&quot;blocks&quot;:[],&quot;shortcuts&quot;:[]}' data-theme='{&quot;type&quot;:&quot;internal&quot;,&quot;name&quot;:&quot;Timeless&quot;,&quot;themeId&quot;:&quot;timeless&quot;,&quot;settings&quot;:[],&quot;style&quot;:&quot;&quot;,&quot;cssUrl&quot;:&quot;https:\\\/\\\/aibambus.com\\\/wp-content\\\/plugins\\\/ai-engine\\\/themes\\\/timeless.css&quot;}'><\/div>\n\n\n\n<h2 class=\"wp-block-heading has-text-align-center\">Nos services<\/h2>\n\n\n\n<p class=\"has-text-align-center\">Explorez notre gamme de services con\u00e7us pour vous aider \u00e0 tirer parti du marketing num\u00e9rique et de l&rsquo;IA pour r\u00e9ussir.<\/p>\n\n\n\n<div style=\"height:2rem\" aria-hidden=\"true\" class=\"wp-block-spacer\"><\/div>\n\n\n\n<div class=\"wp-block-columns is-layout-flex wp-container-core-columns-is-layout-28f84493 wp-block-columns-is-layout-flex\">\n<div class=\"wp-block-column is-layout-flow wp-block-column-is-layout-flow\">\n<figure class=\"wp-block-image aligncenter size-large is-resized\"><img loading=\"lazy\" decoding=\"async\" width=\"1024\" height=\"684\" src=\"https:\/\/aibambus.com\/wp-content\/uploads\/2025\/06\/1435014643-e1760299612562-1024x684.jpg\" alt=\"\" class=\"wp-image-5\" style=\"object-fit:cover;width:384px;height:auto\" srcset=\"https:\/\/aibambus.com\/wp-content\/uploads\/2025\/06\/1435014643-e1760299612562-1024x684.jpg 1024w, https:\/\/aibambus.com\/wp-content\/uploads\/2025\/06\/1435014643-e1760299612562-300x200.jpg 300w, https:\/\/aibambus.com\/wp-content\/uploads\/2025\/06\/1435014643-e1760299612562-768x513.jpg 768w, https:\/\/aibambus.com\/wp-content\/uploads\/2025\/06\/1435014643-e1760299612562-1536x1026.jpg 1536w, https:\/\/aibambus.com\/wp-content\/uploads\/2025\/06\/1435014643-e1760299612562-2048x1369.jpg 2048w\" sizes=\"auto, (max-width: 1024px) 100vw, 1024px\" \/><\/figure>\n\n\n\n<h3 class=\"wp-block-heading\">Conseil en strat\u00e9gie de digital marketing<\/h3>\n\n\n\n<p>D\u00e9veloppez une strat\u00e9gie de marketing num\u00e9rique compl\u00e8te utilisant une strat\u00e9gie d&rsquo;IA adapt\u00e9e aux besoins de votre entreprise avec nos consultants experts.<\/p>\n<\/div>\n\n\n\n<div class=\"wp-block-column is-layout-flow wp-block-column-is-layout-flow\">\n<figure class=\"wp-block-image is-resized\"><img decoding=\"async\" src=\"https:\/\/aibambus.com\/wp-content\/uploads\/2025\/06\/1515913422.jpg\" alt=\"un analyste de donn\u00e9es utilisant la technologie IA pour travailler\" style=\"aspect-ratio:3\/4;object-fit:cover;width:auto\"\/><\/figure>\n\n\n\n<h3 class=\"wp-block-heading\">Analyse de donn\u00e9es et insights<\/h3>\n\n\n\n<p>Exploitez les donn\u00e9es avec des outils de marketing et d&rsquo;IA de pointe pour obtenir des informations exploitables et stimuler la croissance.<\/p>\n<\/div>\n\n\n\n<div class=\"wp-block-column is-layout-flow wp-block-column-is-layout-flow\">\n<figure class=\"wp-block-image is-resized\"><img decoding=\"async\" src=\"https:\/\/aibambus.com\/wp-content\/uploads\/2025\/06\/1414644546.jpg\" alt=\"Mains et doigts robotiques pointant vers le bouton d'un ordinateur portable\" style=\"aspect-ratio:3\/4;object-fit:cover;width:auto\"\/><\/figure>\n\n\n\n<h3 class=\"wp-block-heading\">Digital Marketing &amp; IA Integration<\/h3>\n\n\n\n<p>Int\u00e9grez harmonieusement des solutions de marketing num\u00e9rique et d&rsquo;IA dans vos syst\u00e8mes existants gr\u00e2ce \u00e0 nos services de d\u00e9ploiement professionnels.<\/p>\n<\/div>\n<\/div>\n<\/section>\n<\/section>\n\n\n\n<section class=\"wp-block-group alignfull gd-section-wrapper has-global-padding is-layout-constrained wp-block-group-is-layout-constrained\">\n<div class=\"wp-block-group alignwide is-layout-flow wp-block-group-is-layout-flow\">\n<h2 class=\"wp-block-heading has-text-align-center\">\u00c0 propos de nous<\/h2>\n\n\n\n<p>Chez AIBAMBUS, nous sommes sp\u00e9cialis\u00e9s dans la fourniture de solutions innovantes d&rsquo;intelligence artificielle aux entreprises de diff\u00e9rents secteurs. Notre \u00e9quipe d&rsquo;experts se consacre \u00e0 vous aider \u00e0 naviguer dans les complexit\u00e9s du marketing num\u00e9rique et de l&rsquo;IA, en offrant des services de conseil adapt\u00e9s \u00e0 vos besoins uniques.<\/p>\n\n\n\n<div style=\"height:3rem\" aria-hidden=\"true\" class=\"wp-block-spacer\"><\/div>\n\n\n\n<p>Notre mission est de donner aux organisations les connaissances et les outils dont elles ont besoin pour r\u00e9ussir dans le monde en constante \u00e9volution du marketing num\u00e9rique et de l&rsquo;IA. En mettant l&rsquo;accent sur des pratiques \u00e9thiques de marketing num\u00e9rique et d&rsquo;IA, nous visons \u00e0 cr\u00e9er des solutions qui non seulement favorisent le succ\u00e8s des entreprises, mais contribuent \u00e9galement positivement \u00e0 la soci\u00e9t\u00e9. <\/p>\n\n\n\n<div style=\"height:3rem\" aria-hidden=\"true\" class=\"wp-block-spacer\"><\/div>\n<\/div>\n<\/section>\n\n\n\n<section class=\"wp-block-group alignfull gd-section-wrapper has-global-padding is-layout-constrained wp-block-group-is-layout-constrained\">\n<section class=\"wp-block-group alignwide is-layout-flow wp-block-group-is-layout-flow\">\n<h2 class=\"wp-block-heading has-text-align-center\">Ce que disent nos clients<\/h2>\n\n\n\n<p class=\"has-text-align-center\">\u00c9coutez nos clients satisfaits<\/p>\n\n\n\n<div style=\"height:2rem\" aria-hidden=\"true\" class=\"wp-block-spacer\"><\/div>\n\n\n\n<hr class=\"wp-block-separator has-css-opacity is-style-wide\"\/>\n\n\n\n<div style=\"height:5rem\" aria-hidden=\"true\" class=\"wp-block-spacer\"><\/div>\n\n\n\n<div class=\"wp-block-group is-layout-grid wp-container-core-group-is-layout-389566b2 wp-block-group-is-layout-grid\">\n<div class=\"wp-block-group has-border-color has-accent-border-color has-accent-text-color has-accent-background-color has-text-color has-background is-vertical is-content-justification-center is-layout-flex wp-container-core-group-is-layout-5852aad3 wp-block-group-is-layout-flex\" style=\"border-style:solid;border-width:1px;border-radius:50px;padding-top:var(--wp--preset--spacing--30);padding-right:var(--wp--preset--spacing--50);padding-bottom:var(--wp--preset--spacing--30);padding-left:var(--wp--preset--spacing--50)\">\n<p class=\"has-medium-font-size\"><em>AIBAMBUS a transform\u00e9 nos op\u00e9rations commerciales avec leurs solutions innovantes de marketing num\u00e9rique et d&rsquo;IA. Je les recommande vivement !<\/em><\/p>\n\n\n\n<div class=\"wp-block-group is-layout-flow wp-block-group-is-layout-flow\">\n<p>Emily R., Directrice des op\u00e9rations<\/p>\n<\/div>\n<\/div>\n\n\n\n<div class=\"wp-block-group has-border-color has-accent-border-color has-accent-text-color has-accent-background-color has-text-color has-background is-vertical is-content-justification-center is-layout-flex wp-container-core-group-is-layout-5852aad3 wp-block-group-is-layout-flex\" style=\"border-style:solid;border-width:1px;border-radius:50px;padding-top:var(--wp--preset--spacing--30);padding-right:var(--wp--preset--spacing--50);padding-bottom:var(--wp--preset--spacing--30);padding-left:var(--wp--preset--spacing--50)\">\n<p class=\"has-medium-font-size\"><em>L&rsquo;\u00e9quipe d&rsquo;AIBAMBUS est comp\u00e9tente et professionnelle. Leurs services de conseil en marketing num\u00e9rique et IA \u00e9taient de premier ordre !<\/em><\/p>\n\n\n\n<div class=\"wp-block-group is-layout-flow wp-block-group-is-layout-flow\">\n<p>James T., Directeur technique<\/p>\n<\/div>\n<\/div>\n<\/div>\n<\/section>\n<\/section>\n","protected":false},"excerpt":{"rendered":"<p>Nos services Explorez notre gamme de services con\u00e7us pour vous aider \u00e0 tirer parti du marketing num\u00e9rique et de l&rsquo;IA pour r\u00e9ussir. Conseil en strat\u00e9gie de digital marketing D\u00e9veloppez une strat\u00e9gie de marketing num\u00e9rique compl\u00e8te utilisant une strat\u00e9gie d&rsquo;IA adapt\u00e9e aux besoins de votre entreprise avec nos consultants experts. Analyse de donn\u00e9es et insights Exploitez [&hellip;]<\/p>\n","protected":false},"author":1,"featured_media":0,"parent":0,"menu_order":0,"comment_status":"closed","ping_status":"closed","template":"","meta":{"_coblocks_attr":"","_coblocks_dimensions":"","_coblocks_responsive_height":"","_coblocks_accordion_ie_support":"","footnotes":""},"class_list":["post-80","page","type-page","status-publish","hentry"],"yoast_head":"<!-- This site is optimized with the Yoast SEO plugin v27.4 - https:\/\/yoast.com\/product\/yoast-seo-wordpress\/ -->\n<title>AIBAMBUS - AIBAMBUS<\/title>\n<meta name=\"description\" content=\"Bienvenue chez AIBAMBUS, votre partenaire de confiance en conseil en marketing num\u00e9rique et intelligence artificielle. Lib\u00e9rez le potentiel de l&#039;IA pour transformer votre entreprise.\" \/>\n<meta name=\"robots\" content=\"index, follow, max-snippet:-1, max-image-preview:large, max-video-preview:-1\" \/>\n<link rel=\"canonical\" href=\"https:\/\/aibambus.com\/fr\/\" \/>\n<meta property=\"og:locale\" content=\"fr_FR\" \/>\n<meta property=\"og:type\" content=\"article\" \/>\n<meta property=\"og:title\" content=\"AIBAMBUS - AIBAMBUS\" \/>\n<meta property=\"og:description\" content=\"Bienvenue chez AIBAMBUS, votre partenaire de confiance en conseil en marketing num\u00e9rique et intelligence artificielle. Lib\u00e9rez le potentiel de l&#039;IA pour transformer votre entreprise.\" \/>\n<meta property=\"og:url\" content=\"https:\/\/aibambus.com\/fr\/\" \/>\n<meta property=\"og:site_name\" content=\"AIBAMBUS\" \/>\n<meta property=\"article:modified_time\" content=\"2025-10-12T20:49:25+00:00\" \/>\n<meta property=\"og:image\" content=\"https:\/\/aibambus.com\/wp-content\/uploads\/2025\/06\/1274394072.jpg\" \/>\n<meta name=\"twitter:card\" content=\"summary_large_image\" \/>\n<meta name=\"twitter:label1\" content=\"Dur\u00e9e de lecture estim\u00e9e\" \/>\n\t<meta name=\"twitter:data1\" content=\"3 minutes\" \/>\n<script type=\"application\/ld+json\" class=\"yoast-schema-graph\">{\"@context\":\"https:\\\/\\\/schema.org\",\"@graph\":[{\"@type\":\"WebPage\",\"@id\":\"https:\\\/\\\/aibambus.com\\\/fr\\\/\",\"url\":\"https:\\\/\\\/aibambus.com\\\/fr\\\/\",\"name\":\"AIBAMBUS - AIBAMBUS\",\"isPartOf\":{\"@id\":\"https:\\\/\\\/aibambus.com\\\/fr\\\/#website\"},\"primaryImageOfPage\":{\"@id\":\"https:\\\/\\\/aibambus.com\\\/fr\\\/#primaryimage\"},\"image\":{\"@id\":\"https:\\\/\\\/aibambus.com\\\/fr\\\/#primaryimage\"},\"thumbnailUrl\":\"https:\\\/\\\/aibambus.com\\\/wp-content\\\/uploads\\\/2025\\\/06\\\/1274394072.jpg\",\"datePublished\":\"2025-06-05T20:19:26+00:00\",\"dateModified\":\"2025-10-12T20:49:25+00:00\",\"description\":\"Bienvenue chez AIBAMBUS, votre partenaire de confiance en conseil en marketing num\u00e9rique et intelligence artificielle. Lib\u00e9rez le potentiel de l'IA pour transformer votre entreprise.\",\"breadcrumb\":{\"@id\":\"https:\\\/\\\/aibambus.com\\\/fr\\\/#breadcrumb\"},\"inLanguage\":\"fr-FR\",\"potentialAction\":[{\"@type\":\"ReadAction\",\"target\":[\"https:\\\/\\\/aibambus.com\\\/fr\\\/\"]}]},{\"@type\":\"ImageObject\",\"inLanguage\":\"fr-FR\",\"@id\":\"https:\\\/\\\/aibambus.com\\\/fr\\\/#primaryimage\",\"url\":\"https:\\\/\\\/aibambus.com\\\/wp-content\\\/uploads\\\/2025\\\/06\\\/1274394072.jpg\",\"contentUrl\":\"https:\\\/\\\/aibambus.com\\\/wp-content\\\/uploads\\\/2025\\\/06\\\/1274394072.jpg\"},{\"@type\":\"BreadcrumbList\",\"@id\":\"https:\\\/\\\/aibambus.com\\\/fr\\\/#breadcrumb\",\"itemListElement\":[{\"@type\":\"ListItem\",\"position\":1,\"name\":\"Accueil\",\"item\":\"https:\\\/\\\/aibambus.com\\\/fr\\\/aibambus\\\/\"},{\"@type\":\"ListItem\",\"position\":2,\"name\":\"AIBAMBUS\"}]},{\"@type\":\"WebSite\",\"@id\":\"https:\\\/\\\/aibambus.com\\\/fr\\\/#website\",\"url\":\"https:\\\/\\\/aibambus.com\\\/fr\\\/\",\"name\":\"AIBAMBUS\",\"description\":\"Artificial Intelligence Services and Consulting, AI Agency\",\"publisher\":{\"@id\":\"https:\\\/\\\/aibambus.com\\\/fr\\\/#organization\"},\"potentialAction\":[{\"@type\":\"SearchAction\",\"target\":{\"@type\":\"EntryPoint\",\"urlTemplate\":\"https:\\\/\\\/aibambus.com\\\/fr\\\/?s={search_term_string}\"},\"query-input\":{\"@type\":\"PropertyValueSpecification\",\"valueRequired\":true,\"valueName\":\"search_term_string\"}}],\"inLanguage\":\"fr-FR\"},{\"@type\":\"Organization\",\"@id\":\"https:\\\/\\\/aibambus.com\\\/fr\\\/#organization\",\"name\":\"AIBAMBUS\",\"url\":\"https:\\\/\\\/aibambus.com\\\/fr\\\/\",\"logo\":{\"@type\":\"ImageObject\",\"inLanguage\":\"fr-FR\",\"@id\":\"https:\\\/\\\/aibambus.com\\\/fr\\\/#\\\/schema\\\/logo\\\/image\\\/\",\"url\":\"https:\\\/\\\/aibambus.com\\\/wp-content\\\/uploads\\\/2025\\\/09\\\/file_00000000eaec622f90c7dd480620b426.png\",\"contentUrl\":\"https:\\\/\\\/aibambus.com\\\/wp-content\\\/uploads\\\/2025\\\/09\\\/file_00000000eaec622f90c7dd480620b426.png\",\"width\":1024,\"height\":1024,\"caption\":\"AIBAMBUS\"},\"image\":{\"@id\":\"https:\\\/\\\/aibambus.com\\\/fr\\\/#\\\/schema\\\/logo\\\/image\\\/\"}}]}<\/script>\n<!-- \/ Yoast SEO plugin. -->","yoast_head_json":{"title":"AIBAMBUS - AIBAMBUS","description":"Bienvenue chez AIBAMBUS, votre partenaire de confiance en conseil en marketing num\u00e9rique et intelligence artificielle. Lib\u00e9rez le potentiel de l'IA pour transformer votre entreprise.","robots":{"index":"index","follow":"follow","max-snippet":"max-snippet:-1","max-image-preview":"max-image-preview:large","max-video-preview":"max-video-preview:-1"},"canonical":"https:\/\/aibambus.com\/fr\/","og_locale":"fr_FR","og_type":"article","og_title":"AIBAMBUS - AIBAMBUS","og_description":"Bienvenue chez AIBAMBUS, votre partenaire de confiance en conseil en marketing num\u00e9rique et intelligence artificielle. Lib\u00e9rez le potentiel de l'IA pour transformer votre entreprise.","og_url":"https:\/\/aibambus.com\/fr\/","og_site_name":"AIBAMBUS","article_modified_time":"2025-10-12T20:49:25+00:00","og_image":[{"url":"https:\/\/aibambus.com\/wp-content\/uploads\/2025\/06\/1274394072.jpg","type":"","width":"","height":""}],"twitter_card":"summary_large_image","twitter_misc":{"Dur\u00e9e de lecture estim\u00e9e":"3 minutes"},"schema":{"@context":"https:\/\/schema.org","@graph":[{"@type":"WebPage","@id":"https:\/\/aibambus.com\/fr\/","url":"https:\/\/aibambus.com\/fr\/","name":"AIBAMBUS - AIBAMBUS","isPartOf":{"@id":"https:\/\/aibambus.com\/fr\/#website"},"primaryImageOfPage":{"@id":"https:\/\/aibambus.com\/fr\/#primaryimage"},"image":{"@id":"https:\/\/aibambus.com\/fr\/#primaryimage"},"thumbnailUrl":"https:\/\/aibambus.com\/wp-content\/uploads\/2025\/06\/1274394072.jpg","datePublished":"2025-06-05T20:19:26+00:00","dateModified":"2025-10-12T20:49:25+00:00","description":"Bienvenue chez AIBAMBUS, votre partenaire de confiance en conseil en marketing num\u00e9rique et intelligence artificielle. Lib\u00e9rez le potentiel de l'IA pour transformer votre entreprise.","breadcrumb":{"@id":"https:\/\/aibambus.com\/fr\/#breadcrumb"},"inLanguage":"fr-FR","potentialAction":[{"@type":"ReadAction","target":["https:\/\/aibambus.com\/fr\/"]}]},{"@type":"ImageObject","inLanguage":"fr-FR","@id":"https:\/\/aibambus.com\/fr\/#primaryimage","url":"https:\/\/aibambus.com\/wp-content\/uploads\/2025\/06\/1274394072.jpg","contentUrl":"https:\/\/aibambus.com\/wp-content\/uploads\/2025\/06\/1274394072.jpg"},{"@type":"BreadcrumbList","@id":"https:\/\/aibambus.com\/fr\/#breadcrumb","itemListElement":[{"@type":"ListItem","position":1,"name":"Accueil","item":"https:\/\/aibambus.com\/fr\/aibambus\/"},{"@type":"ListItem","position":2,"name":"AIBAMBUS"}]},{"@type":"WebSite","@id":"https:\/\/aibambus.com\/fr\/#website","url":"https:\/\/aibambus.com\/fr\/","name":"AIBAMBUS","description":"Artificial Intelligence Services and Consulting, AI Agency","publisher":{"@id":"https:\/\/aibambus.com\/fr\/#organization"},"potentialAction":[{"@type":"SearchAction","target":{"@type":"EntryPoint","urlTemplate":"https:\/\/aibambus.com\/fr\/?s={search_term_string}"},"query-input":{"@type":"PropertyValueSpecification","valueRequired":true,"valueName":"search_term_string"}}],"inLanguage":"fr-FR"},{"@type":"Organization","@id":"https:\/\/aibambus.com\/fr\/#organization","name":"AIBAMBUS","url":"https:\/\/aibambus.com\/fr\/","logo":{"@type":"ImageObject","inLanguage":"fr-FR","@id":"https:\/\/aibambus.com\/fr\/#\/schema\/logo\/image\/","url":"https:\/\/aibambus.com\/wp-content\/uploads\/2025\/09\/file_00000000eaec622f90c7dd480620b426.png","contentUrl":"https:\/\/aibambus.com\/wp-content\/uploads\/2025\/09\/file_00000000eaec622f90c7dd480620b426.png","width":1024,"height":1024,"caption":"AIBAMBUS"},"image":{"@id":"https:\/\/aibambus.com\/fr\/#\/schema\/logo\/image\/"}}]}},"_links":{"self":[{"href":"https:\/\/aibambus.com\/fr\/wp-json\/wp\/v2\/pages\/80","targetHints":{"allow":["GET"]}}],"collection":[{"href":"https:\/\/aibambus.com\/fr\/wp-json\/wp\/v2\/pages"}],"about":[{"href":"https:\/\/aibambus.com\/fr\/wp-json\/wp\/v2\/types\/page"}],"author":[{"embeddable":true,"href":"https:\/\/aibambus.com\/fr\/wp-json\/wp\/v2\/users\/1"}],"replies":[{"embeddable":true,"href":"https:\/\/aibambus.com\/fr\/wp-json\/wp\/v2\/comments?post=80"}],"version-history":[{"count":5,"href":"https:\/\/aibambus.com\/fr\/wp-json\/wp\/v2\/pages\/80\/revisions"}],"predecessor-version":[{"id":344,"href":"https:\/\/aibambus.com\/fr\/wp-json\/wp\/v2\/pages\/80\/revisions\/344"}],"wp:attachment":[{"href":"https:\/\/aibambus.com\/fr\/wp-json\/wp\/v2\/media?parent=80"}],"curies":[{"name":"wp","href":"https:\/\/api.w.org\/{rel}","templated":true}]}}