{"id":72,"date":"2025-06-05T20:19:26","date_gmt":"2025-06-05T20:19:26","guid":{"rendered":"https:\/\/aibambus.com\/aibambus\/"},"modified":"2025-10-12T20:48:37","modified_gmt":"2025-10-12T20:48:37","slug":"aibambus","status":"publish","type":"page","link":"https:\/\/aibambus.com\/es\/","title":{"rendered":"AIBAMBUS"},"content":{"rendered":"\n<section class=\"wp-block-group alignfull gd-section-wrapper has-global-padding is-layout-constrained wp-block-group-is-layout-constrained\">\n<div class=\"wp-block-cover alignfull is-light has-custom-content-position is-position-center-center\"><img decoding=\"async\" class=\"wp-block-cover__image-background\" alt=\"\" src=\"https:\/\/aibambus.com\/wp-content\/uploads\/2025\/06\/1274394072.jpg\" data-object-fit=\"cover\"\/><span aria-hidden=\"true\" class=\"wp-block-cover__background has-vivid-green-cyan-background-color has-background-dim-20 has-background-dim\"><\/span><div class=\"wp-block-cover__inner-container is-layout-flow wp-block-cover-is-layout-flow\">\n<h1 class=\"wp-block-heading has-text-align-center\"><mark style=\"background-color:rgba(0, 0, 0, 0);color:#ff6900\" class=\"has-inline-color\">Innove con el marketing digital y la IA<\/mark><\/h1>\n\n\n\n<p class=\"has-text-align-center\"><mark style=\"background-color:rgba(0, 0, 0, 0);color:#ff6900\" class=\"has-inline-color\">Bienvenido a AIBAMBUS, su<strong>Su socio de confianza en consultor\u00eda de Marketing Digital e Inteligencia Artificial. Libere el potencial del Marketing Digital y la IA para transformar su negocio. <\/strong><\/mark><\/p>\n\n\n\n<div class=\"wp-block-buttons is-content-justification-center is-layout-flex wp-container-core-buttons-is-layout-a89b3969 wp-block-buttons-is-layout-flex\">\n<div class=\"wp-block-button is-style-fill\"><a class=\"wp-block-button__link wp-element-button\" href=\"https:\/\/aibambus.com\/es\/contacto\/\">M\u00e1s informaci\u00f3n<\/a><\/div>\n\n\n\n<div class=\"wp-block-button is-style-fill\"><a class=\"wp-block-button__link wp-element-button\" href=\"https:\/\/aibambus.com\/es\/contacto\/\">Contacte con nosotros<\/a><\/div>\n<\/div>\n<\/div><\/div>\n<\/section>\n\n<section class=\"wp-block-group alignfull gd-section-wrapper has-global-padding is-layout-constrained wp-block-group-is-layout-constrained\">\n<section class=\"wp-block-group alignwide is-layout-flow wp-block-group-is-layout-flow\"><div class='mwai-chatbot-container' data-params='{&quot;aiName&quot;:&quot;AIBAMBUS Support Rep: &quot;,&quot;userName&quot;:&quot;User: &quot;,&quot;guestName&quot;:&quot;Guest:&quot;,&quot;aiAvatar&quot;:false,&quot;textSend&quot;:&quot;Send&quot;,&quot;textClear&quot;:&quot;Clear&quot;,&quot;imageUpload&quot;:false,&quot;fileUpload&quot;:false,&quot;multiUpload&quot;:false,&quot;maxUploads&quot;:1,&quot;fileUploads&quot;:0,&quot;mode&quot;:&quot;chat&quot;,&quot;textInputPlaceholder&quot;:&quot;Type your message...&quot;,&quot;textInputMaxLength&quot;:512,&quot;textCompliance&quot;:&quot;&quot;,&quot;startSentence&quot;:&quot;Hi! How can I help you?&quot;,&quot;localMemory&quot;:true,&quot;themeId&quot;:&quot;timeless&quot;,&quot;window&quot;:true,&quot;icon&quot;:&quot;&quot;,&quot;iconText&quot;:&quot;&quot;,&quot;iconTextDelay&quot;:1,&quot;iconAlt&quot;:&quot;AI Engine Chatbot&quot;,&quot;iconPosition&quot;:&quot;bottom-right&quot;,&quot;centerOpen&quot;:false,&quot;width&quot;:&quot;&quot;,&quot;openDelay&quot;:&quot;&quot;,&quot;iconBubble&quot;:false,&quot;windowAnimation&quot;:&quot;zoom&quot;,&quot;fullscreen&quot;:true,&quot;copyButton&quot;:false,&quot;headerSubtitle&quot;:&quot;Discuss with&quot;,&quot;containerType&quot;:&quot;standard&quot;,&quot;headerType&quot;:&quot;standard&quot;,&quot;messagesType&quot;:&quot;standard&quot;,&quot;inputType&quot;:&quot;standard&quot;,&quot;footerType&quot;:&quot;standard&quot;}' data-system='{&quot;botId&quot;:&quot;default&quot;,&quot;customId&quot;:null,&quot;userData&quot;:null,&quot;sessionId&quot;:&quot;69eb82a444ed3&quot;,&quot;restNonce&quot;:null,&quot;contextId&quot;:null,&quot;pluginUrl&quot;:&quot;https:\\\/\\\/aibambus.com\\\/wp-content\\\/plugins\\\/ai-engine&quot;,&quot;restUrl&quot;:&quot;https:\\\/\\\/aibambus.com\\\/es\\\/wp-json&quot;,&quot;stream&quot;:true,&quot;debugMode&quot;:false,&quot;eventLogs&quot;:false,&quot;speech_recognition&quot;:false,&quot;speech_synthesis&quot;:false,&quot;typewriter&quot;:false,&quot;crossSite&quot;:false,&quot;actions&quot;:[],&quot;blocks&quot;:[],&quot;shortcuts&quot;:[]}' data-theme='{&quot;type&quot;:&quot;internal&quot;,&quot;name&quot;:&quot;Timeless&quot;,&quot;themeId&quot;:&quot;timeless&quot;,&quot;settings&quot;:[],&quot;style&quot;:&quot;&quot;,&quot;cssUrl&quot;:&quot;https:\\\/\\\/aibambus.com\\\/wp-content\\\/plugins\\\/ai-engine\\\/themes\\\/timeless.css&quot;}'><\/div>\n\n\n\n<h2 class=\"wp-block-heading has-text-align-center\">Nuestros servicios<\/h2>\n\n\n\n<p class=\"has-text-align-center\">Explore nuestra gama de servicios dise\u00f1ados para ayudarle a aprovechar el Marketing Digital y la IA para alcanzar el \u00e9xito.<\/p>\n\n\n\n<div style=\"height:2rem\" aria-hidden=\"true\" class=\"wp-block-spacer\"><\/div>\n\n\n\n<div class=\"wp-block-columns is-layout-flex wp-container-core-columns-is-layout-28f84493 wp-block-columns-is-layout-flex\">\n<div class=\"wp-block-column is-layout-flow wp-block-column-is-layout-flow\">\n<figure class=\"wp-block-image size-large is-resized\"><img loading=\"lazy\" decoding=\"async\" width=\"1024\" height=\"684\" src=\"https:\/\/aibambus.com\/wp-content\/uploads\/2025\/06\/1435014643-e1760299612562-1024x684.jpg\" alt=\"\" class=\"wp-image-5\" style=\"object-fit:cover;width:384px;height:auto\" srcset=\"https:\/\/aibambus.com\/wp-content\/uploads\/2025\/06\/1435014643-e1760299612562-1024x684.jpg 1024w, https:\/\/aibambus.com\/wp-content\/uploads\/2025\/06\/1435014643-e1760299612562-300x200.jpg 300w, https:\/\/aibambus.com\/wp-content\/uploads\/2025\/06\/1435014643-e1760299612562-768x513.jpg 768w, https:\/\/aibambus.com\/wp-content\/uploads\/2025\/06\/1435014643-e1760299612562-1536x1026.jpg 1536w, https:\/\/aibambus.com\/wp-content\/uploads\/2025\/06\/1435014643-e1760299612562-2048x1369.jpg 2048w\" sizes=\"auto, (max-width: 1024px) 100vw, 1024px\" \/><\/figure>\n\n\n\n<h3 class=\"wp-block-heading\">Consultor\u00eda de estrategia de marketing digital<\/h3>\n\n\n\n<p>Desarrolle una estrategia integral de marketing digital utilizando una estrategia de IA adaptada a las necesidades de su negocio con nuestros consultores expertos.<\/p>\n<\/div>\n\n\n\n<div class=\"wp-block-column is-layout-flow wp-block-column-is-layout-flow\">\n<figure class=\"wp-block-image is-resized\"><img decoding=\"async\" src=\"https:\/\/aibambus.com\/wp-content\/uploads\/2025\/06\/1515913422.jpg\" alt=\"Un analista de datos que utiliza tecnolog&#xED;a de IA para trabajar\" style=\"aspect-ratio:3\/4;object-fit:cover;width:auto\"\/><\/figure>\n\n\n\n<h3 class=\"wp-block-heading\">An\u00e1lisis de datos e informaci\u00f3n<\/h3>\n\n\n\n<p>Aproveche los datos con herramientas de marketing e IA de vanguardia para obtener informaci\u00f3n pr\u00e1ctica e impulsar el crecimiento.<\/p>\n<\/div>\n\n\n\n<div class=\"wp-block-column is-layout-flow wp-block-column-is-layout-flow\">\n<figure class=\"wp-block-image is-resized\"><img decoding=\"async\" src=\"https:\/\/aibambus.com\/wp-content\/uploads\/2025\/06\/1414644546.jpg\" alt=\"Manos y dedos rob&#xF3;ticos apuntando al bot&#xF3;n de un port&#xE1;til\" style=\"aspect-ratio:3\/4;object-fit:cover;width:auto\"\/><\/figure>\n\n\n\n<h3 class=\"wp-block-heading\">Integraci\u00f3n de marketing digital e IA<\/h3>\n\n\n\n<p>Integre a la perfecci\u00f3n soluciones de marketing digital e IA en sus sistemas existentes con nuestros servicios de implementaci\u00f3n profesional.<\/p>\n<\/div>\n<\/div>\n<\/section>\n<\/section>\n\n<section class=\"wp-block-group alignfull gd-section-wrapper has-global-padding is-layout-constrained wp-block-group-is-layout-constrained\">\n<div class=\"wp-block-group alignwide is-layout-flow wp-block-group-is-layout-flow\">\n<h2 class=\"wp-block-heading has-text-align-center\">Acerca de nosotros<\/h2>\n\n\n\n<p>En AIBAMBUS, nos especializamos en proporcionar soluciones innovadoras de inteligencia artificial a empresas de diversos sectores. Nuestro equipo de expertos se dedica a ayudarle a navegar por las complejidades del marketing digital y la IA, ofreciendo servicios de consultor\u00eda adaptados para satisfacer sus necesidades espec\u00edficas. <\/p>\n\n\n\n<div style=\"height:3rem\" aria-hidden=\"true\" class=\"wp-block-spacer\"><\/div>\n\n\n\n<p>Nuestra misi\u00f3n es capacitar a las organizaciones con el conocimiento y las herramientas que necesitan para tener \u00e9xito en el mundo en constante evoluci\u00f3n del marketing digital y la IA. Con un enfoque en pr\u00e1cticas \u00e9ticas de marketing digital e IA, nuestro objetivo es crear soluciones que no solo impulsen el \u00e9xito empresarial, sino que tambi\u00e9n contribuyan positivamente a la sociedad. <\/p>\n\n\n\n<div style=\"height:3rem\" aria-hidden=\"true\" class=\"wp-block-spacer\"><\/div>\n<\/div>\n<\/section>\n\n<section class=\"wp-block-group alignfull gd-section-wrapper has-global-padding is-layout-constrained wp-block-group-is-layout-constrained\">\n<section class=\"wp-block-group alignwide is-layout-flow wp-block-group-is-layout-flow\">\n<h2 class=\"wp-block-heading has-text-align-center\">Lo que dicen nuestros clientes<\/h2>\n\n\n\n<p class=\"has-text-align-center\">Escuche a nuestros clientes satisfechos<\/p>\n\n\n\n<div style=\"height:2rem\" aria-hidden=\"true\" class=\"wp-block-spacer\"><\/div>\n\n\n\n<hr class=\"wp-block-separator has-css-opacity is-style-wide\"\/>\n\n\n\n<div style=\"height:5rem\" aria-hidden=\"true\" class=\"wp-block-spacer\"><\/div>\n\n\n\n<div class=\"wp-block-group is-layout-grid wp-container-core-group-is-layout-389566b2 wp-block-group-is-layout-grid\">\n<div class=\"wp-block-group has-border-color has-accent-border-color has-accent-text-color has-accent-background-color has-text-color has-background is-vertical is-content-justification-center is-layout-flex wp-container-core-group-is-layout-5852aad3 wp-block-group-is-layout-flex\" style=\"border-style:solid;border-width:1px;border-radius:50px;padding-top:var(--wp--preset--spacing--30);padding-right:var(--wp--preset--spacing--50);padding-bottom:var(--wp--preset--spacing--30);padding-left:var(--wp--preset--spacing--50)\">\n<p class=\"has-medium-font-size\"><em>AIBAMBUS transform\u00f3 nuestras operaciones comerciales con sus innovadoras soluciones de marketing digital e IA. \u00a1Los recomiendo encarecidamente! <\/em><\/p>\n\n\n\n<div class=\"wp-block-group is-layout-flow wp-block-group-is-layout-flow\">\n<p>Emily r., Directora de Operaciones<\/p>\n<\/div>\n<\/div>\n\n\n\n<div class=\"wp-block-group has-border-color has-accent-border-color has-accent-text-color has-accent-background-color has-text-color has-background is-vertical is-content-justification-center is-layout-flex wp-container-core-group-is-layout-5852aad3 wp-block-group-is-layout-flex\" style=\"border-style:solid;border-width:1px;border-radius:50px;padding-top:var(--wp--preset--spacing--30);padding-right:var(--wp--preset--spacing--50);padding-bottom:var(--wp--preset--spacing--30);padding-left:var(--wp--preset--spacing--50)\">\n<p class=\"has-medium-font-size\"><em>El equipo de AIBAMBUS es experto y profesional. \u00a1Sus servicios de consultor\u00eda de marketing digital e IA fueron de primera categor\u00eda! <\/em><\/p>\n\n\n\n<div class=\"wp-block-group is-layout-flow wp-block-group-is-layout-flow\">\n<p>James t., Director de Tecnolog\u00eda<\/p>\n<\/div>\n<\/div>\n<\/div>\n<\/section>\n<\/section>\n","protected":false},"excerpt":{"rendered":"<p>Nuestros servicios Explore nuestra gama de servicios dise\u00f1ados para ayudarle a aprovechar el Marketing Digital y la IA para alcanzar el \u00e9xito. Consultor\u00eda de estrategia de marketing digital Desarrolle una estrategia integral de marketing digital utilizando una estrategia de IA adaptada a las necesidades de su negocio con nuestros consultores expertos. An\u00e1lisis de datos e [&hellip;]<\/p>\n","protected":false},"author":1,"featured_media":0,"parent":0,"menu_order":0,"comment_status":"closed","ping_status":"closed","template":"","meta":{"_coblocks_attr":"","_coblocks_dimensions":"","_coblocks_responsive_height":"","_coblocks_accordion_ie_support":"","footnotes":""},"class_list":["post-72","page","type-page","status-publish","hentry"],"yoast_head":"<!-- This site is optimized with the Yoast SEO plugin v27.4 - https:\/\/yoast.com\/product\/yoast-seo-wordpress\/ -->\n<title>AIBAMBUS - AIBAMBUS<\/title>\n<meta name=\"description\" content=\"Bienvenido a AIBAMBUS, su socio de confianza en consultor\u00eda de Marketing Digital e Inteligencia Artificial. Libere el potencial de la IA para transformar su negocio.\" \/>\n<meta name=\"robots\" content=\"index, follow, max-snippet:-1, max-image-preview:large, max-video-preview:-1\" \/>\n<link rel=\"canonical\" href=\"https:\/\/aibambus.com\/es\/\" \/>\n<meta property=\"og:locale\" content=\"es_ES\" \/>\n<meta property=\"og:type\" content=\"article\" \/>\n<meta property=\"og:title\" content=\"AIBAMBUS - AIBAMBUS\" \/>\n<meta property=\"og:description\" content=\"Bienvenido a AIBAMBUS, su socio de confianza en consultor\u00eda de Marketing Digital e Inteligencia Artificial. Libere el potencial de la IA para transformar su negocio.\" \/>\n<meta property=\"og:url\" content=\"https:\/\/aibambus.com\/es\/\" \/>\n<meta property=\"og:site_name\" content=\"AIBAMBUS\" \/>\n<meta property=\"article:modified_time\" content=\"2025-10-12T20:48:37+00:00\" \/>\n<meta property=\"og:image\" content=\"https:\/\/aibambus.com\/wp-content\/uploads\/2025\/06\/1274394072.jpg\" \/>\n<meta name=\"twitter:card\" content=\"summary_large_image\" \/>\n<meta name=\"twitter:label1\" content=\"Tiempo de lectura\" \/>\n\t<meta name=\"twitter:data1\" content=\"2 minutos\" \/>\n<script type=\"application\/ld+json\" class=\"yoast-schema-graph\">{\"@context\":\"https:\\\/\\\/schema.org\",\"@graph\":[{\"@type\":\"WebPage\",\"@id\":\"https:\\\/\\\/aibambus.com\\\/es\\\/\",\"url\":\"https:\\\/\\\/aibambus.com\\\/es\\\/\",\"name\":\"AIBAMBUS - AIBAMBUS\",\"isPartOf\":{\"@id\":\"https:\\\/\\\/aibambus.com\\\/es\\\/#website\"},\"primaryImageOfPage\":{\"@id\":\"https:\\\/\\\/aibambus.com\\\/es\\\/#primaryimage\"},\"image\":{\"@id\":\"https:\\\/\\\/aibambus.com\\\/es\\\/#primaryimage\"},\"thumbnailUrl\":\"https:\\\/\\\/aibambus.com\\\/wp-content\\\/uploads\\\/2025\\\/06\\\/1274394072.jpg\",\"datePublished\":\"2025-06-05T20:19:26+00:00\",\"dateModified\":\"2025-10-12T20:48:37+00:00\",\"description\":\"Bienvenido a AIBAMBUS, su socio de confianza en consultor\u00eda de Marketing Digital e Inteligencia Artificial. Libere el potencial de la IA para transformar su negocio.\",\"breadcrumb\":{\"@id\":\"https:\\\/\\\/aibambus.com\\\/es\\\/#breadcrumb\"},\"inLanguage\":\"es\",\"potentialAction\":[{\"@type\":\"ReadAction\",\"target\":[\"https:\\\/\\\/aibambus.com\\\/es\\\/\"]}]},{\"@type\":\"ImageObject\",\"inLanguage\":\"es\",\"@id\":\"https:\\\/\\\/aibambus.com\\\/es\\\/#primaryimage\",\"url\":\"https:\\\/\\\/aibambus.com\\\/wp-content\\\/uploads\\\/2025\\\/06\\\/1274394072.jpg\",\"contentUrl\":\"https:\\\/\\\/aibambus.com\\\/wp-content\\\/uploads\\\/2025\\\/06\\\/1274394072.jpg\"},{\"@type\":\"BreadcrumbList\",\"@id\":\"https:\\\/\\\/aibambus.com\\\/es\\\/#breadcrumb\",\"itemListElement\":[{\"@type\":\"ListItem\",\"position\":1,\"name\":\"Inicio\",\"item\":\"https:\\\/\\\/aibambus.com\\\/es\\\/\"},{\"@type\":\"ListItem\",\"position\":2,\"name\":\"AIBAMBUS\"}]},{\"@type\":\"WebSite\",\"@id\":\"https:\\\/\\\/aibambus.com\\\/es\\\/#website\",\"url\":\"https:\\\/\\\/aibambus.com\\\/es\\\/\",\"name\":\"AIBAMBUS\",\"description\":\"Artificial Intelligence Services and Consulting, AI Agency\",\"publisher\":{\"@id\":\"https:\\\/\\\/aibambus.com\\\/es\\\/#organization\"},\"potentialAction\":[{\"@type\":\"SearchAction\",\"target\":{\"@type\":\"EntryPoint\",\"urlTemplate\":\"https:\\\/\\\/aibambus.com\\\/es\\\/?s={search_term_string}\"},\"query-input\":{\"@type\":\"PropertyValueSpecification\",\"valueRequired\":true,\"valueName\":\"search_term_string\"}}],\"inLanguage\":\"es\"},{\"@type\":\"Organization\",\"@id\":\"https:\\\/\\\/aibambus.com\\\/es\\\/#organization\",\"name\":\"AIBAMBUS\",\"url\":\"https:\\\/\\\/aibambus.com\\\/es\\\/\",\"logo\":{\"@type\":\"ImageObject\",\"inLanguage\":\"es\",\"@id\":\"https:\\\/\\\/aibambus.com\\\/es\\\/#\\\/schema\\\/logo\\\/image\\\/\",\"url\":\"https:\\\/\\\/aibambus.com\\\/wp-content\\\/uploads\\\/2025\\\/09\\\/file_00000000eaec622f90c7dd480620b426.png\",\"contentUrl\":\"https:\\\/\\\/aibambus.com\\\/wp-content\\\/uploads\\\/2025\\\/09\\\/file_00000000eaec622f90c7dd480620b426.png\",\"width\":1024,\"height\":1024,\"caption\":\"AIBAMBUS\"},\"image\":{\"@id\":\"https:\\\/\\\/aibambus.com\\\/es\\\/#\\\/schema\\\/logo\\\/image\\\/\"}}]}<\/script>\n<!-- \/ Yoast SEO plugin. -->","yoast_head_json":{"title":"AIBAMBUS - AIBAMBUS","description":"Bienvenido a AIBAMBUS, su socio de confianza en consultor\u00eda de Marketing Digital e Inteligencia Artificial. Libere el potencial de la IA para transformar su negocio.","robots":{"index":"index","follow":"follow","max-snippet":"max-snippet:-1","max-image-preview":"max-image-preview:large","max-video-preview":"max-video-preview:-1"},"canonical":"https:\/\/aibambus.com\/es\/","og_locale":"es_ES","og_type":"article","og_title":"AIBAMBUS - AIBAMBUS","og_description":"Bienvenido a AIBAMBUS, su socio de confianza en consultor\u00eda de Marketing Digital e Inteligencia Artificial. Libere el potencial de la IA para transformar su negocio.","og_url":"https:\/\/aibambus.com\/es\/","og_site_name":"AIBAMBUS","article_modified_time":"2025-10-12T20:48:37+00:00","og_image":[{"url":"https:\/\/aibambus.com\/wp-content\/uploads\/2025\/06\/1274394072.jpg","type":"","width":"","height":""}],"twitter_card":"summary_large_image","twitter_misc":{"Tiempo de lectura":"2 minutos"},"schema":{"@context":"https:\/\/schema.org","@graph":[{"@type":"WebPage","@id":"https:\/\/aibambus.com\/es\/","url":"https:\/\/aibambus.com\/es\/","name":"AIBAMBUS - AIBAMBUS","isPartOf":{"@id":"https:\/\/aibambus.com\/es\/#website"},"primaryImageOfPage":{"@id":"https:\/\/aibambus.com\/es\/#primaryimage"},"image":{"@id":"https:\/\/aibambus.com\/es\/#primaryimage"},"thumbnailUrl":"https:\/\/aibambus.com\/wp-content\/uploads\/2025\/06\/1274394072.jpg","datePublished":"2025-06-05T20:19:26+00:00","dateModified":"2025-10-12T20:48:37+00:00","description":"Bienvenido a AIBAMBUS, su socio de confianza en consultor\u00eda de Marketing Digital e Inteligencia Artificial. Libere el potencial de la IA para transformar su negocio.","breadcrumb":{"@id":"https:\/\/aibambus.com\/es\/#breadcrumb"},"inLanguage":"es","potentialAction":[{"@type":"ReadAction","target":["https:\/\/aibambus.com\/es\/"]}]},{"@type":"ImageObject","inLanguage":"es","@id":"https:\/\/aibambus.com\/es\/#primaryimage","url":"https:\/\/aibambus.com\/wp-content\/uploads\/2025\/06\/1274394072.jpg","contentUrl":"https:\/\/aibambus.com\/wp-content\/uploads\/2025\/06\/1274394072.jpg"},{"@type":"BreadcrumbList","@id":"https:\/\/aibambus.com\/es\/#breadcrumb","itemListElement":[{"@type":"ListItem","position":1,"name":"Inicio","item":"https:\/\/aibambus.com\/es\/"},{"@type":"ListItem","position":2,"name":"AIBAMBUS"}]},{"@type":"WebSite","@id":"https:\/\/aibambus.com\/es\/#website","url":"https:\/\/aibambus.com\/es\/","name":"AIBAMBUS","description":"Artificial Intelligence Services and Consulting, AI Agency","publisher":{"@id":"https:\/\/aibambus.com\/es\/#organization"},"potentialAction":[{"@type":"SearchAction","target":{"@type":"EntryPoint","urlTemplate":"https:\/\/aibambus.com\/es\/?s={search_term_string}"},"query-input":{"@type":"PropertyValueSpecification","valueRequired":true,"valueName":"search_term_string"}}],"inLanguage":"es"},{"@type":"Organization","@id":"https:\/\/aibambus.com\/es\/#organization","name":"AIBAMBUS","url":"https:\/\/aibambus.com\/es\/","logo":{"@type":"ImageObject","inLanguage":"es","@id":"https:\/\/aibambus.com\/es\/#\/schema\/logo\/image\/","url":"https:\/\/aibambus.com\/wp-content\/uploads\/2025\/09\/file_00000000eaec622f90c7dd480620b426.png","contentUrl":"https:\/\/aibambus.com\/wp-content\/uploads\/2025\/09\/file_00000000eaec622f90c7dd480620b426.png","width":1024,"height":1024,"caption":"AIBAMBUS"},"image":{"@id":"https:\/\/aibambus.com\/es\/#\/schema\/logo\/image\/"}}]}},"_links":{"self":[{"href":"https:\/\/aibambus.com\/es\/wp-json\/wp\/v2\/pages\/72","targetHints":{"allow":["GET"]}}],"collection":[{"href":"https:\/\/aibambus.com\/es\/wp-json\/wp\/v2\/pages"}],"about":[{"href":"https:\/\/aibambus.com\/es\/wp-json\/wp\/v2\/types\/page"}],"author":[{"embeddable":true,"href":"https:\/\/aibambus.com\/es\/wp-json\/wp\/v2\/users\/1"}],"replies":[{"embeddable":true,"href":"https:\/\/aibambus.com\/es\/wp-json\/wp\/v2\/comments?post=72"}],"version-history":[{"count":9,"href":"https:\/\/aibambus.com\/es\/wp-json\/wp\/v2\/pages\/72\/revisions"}],"predecessor-version":[{"id":360,"href":"https:\/\/aibambus.com\/es\/wp-json\/wp\/v2\/pages\/72\/revisions\/360"}],"wp:attachment":[{"href":"https:\/\/aibambus.com\/es\/wp-json\/wp\/v2\/media?parent=72"}],"curies":[{"name":"wp","href":"https:\/\/api.w.org\/{rel}","templated":true}]}}